{"id":2742,"date":"2024-02-14T14:35:59","date_gmt":"2024-02-14T19:35:59","guid":{"rendered":"https:\/\/lessentielesthetique.ca\/?page_id=2742"},"modified":"2025-04-03T16:32:07","modified_gmt":"2025-04-03T20:32:07","slug":"slimwave","status":"publish","type":"page","link":"https:\/\/lessentielesthetique.ca\/fr\/services\/slimwave\/","title":{"rendered":"Slimwave"},"content":{"rendered":"<div data-elementor-type=\"wp-page\" data-elementor-id=\"2742\" class=\"elementor elementor-2742\" data-elementor-post-type=\"page\">\n\t\t\t\t<div class=\"elementor-element elementor-element-2648532c e-ecs-flex e-flex e-con-boxed e-con e-parent\" data-id=\"2648532c\" data-element_type=\"container\" data-e-type=\"container\" data-settings=\"{&quot;ecs_container_type&quot;:&quot;flex&quot;}\">\n\t\t\t\t\t<div class=\"e-con-inner\">\n\t\t\t\t<div class=\"elementor-element elementor-element-4ee379a elementor-widget elementor-widget-button\" data-id=\"4ee379a\" data-element_type=\"widget\" data-e-type=\"widget\" data-widget_type=\"button.default\">\n\t\t\t\t<div class=\"elementor-widget-container\">\n\t\t\t\t\t\t\t\t\t<div class=\"elementor-button-wrapper\">\n\t\t\t\t\t<a class=\"elementor-button elementor-button-link elementor-size-sm\" href=\"https:\/\/book.squareup.com\/appointments\/3f7a317c-a749-4e84-ba0f-3df12052449a\/location\/BDBVFAZVJ3XEY\/services\/VLFEC7IYAS6E2ZRVTT4E66EN\">\n\t\t\t\t\t\t<span class=\"elementor-button-content-wrapper\">\n\t\t\t\t\t\t\t\t\t<span class=\"elementor-button-text\">Prendre un rendez-vous<\/span>\n\t\t\t\t\t<\/span>\n\t\t\t\t\t<\/a>\n\t\t\t\t<\/div>\n\t\t\t\t\t\t\t\t<\/div>\n\t\t\t\t<\/div>\n\t\t\t\t<div class=\"elementor-element elementor-element-590d8549 elementor-widget elementor-widget-text-editor\" data-id=\"590d8549\" data-element_type=\"widget\" data-e-type=\"widget\" data-widget_type=\"text-editor.default\">\n\t\t\t\t<div class=\"elementor-widget-container\">\n\t\t\t\t\t\t\t\t\t\n<h2 class=\"wp-block-heading\">D\u00e9couvrez SlimWave : La technologie r\u00e9volutionnaire pour sculpter votre silhouette \u00e0 L\u2019Essentiel<\/h2>\n\n<p>\u00a0<\/p>\n\n<p><strong>En qu\u00eate d\u2019une solution efficace pour affiner votre silhouette, r\u00e9duire la cellulite et tonifier votre peau ?<\/strong> SlimWave est la technologie r\u00e9volutionnaire qu\u2019il vous faut ! Cette technique non invasive combine les bienfaits de la radiofr\u00e9quence et de la cavitation pour stimuler la production de collag\u00e8ne, \u00e9liminer les graisses et raffermir votre peau.<\/p>\n\n<p>\u00a0<\/p>\n\n<p><strong>Comment fonctionne SlimWave ?<\/strong><\/p>\n\n<p>SlimWave utilise deux technologies synergiques pour cibler les zones \u00e0 probl\u00e8mes et sculpter votre silhouette :<\/p>\n\n<ul class=\"wp-block-list\">\n<li><strong>Radiofr\u00e9quence:<\/strong> Les ondes radiofr\u00e9quences p\u00e9n\u00e8trent dans les couches profondes de la peau, g\u00e9n\u00e9rant de la chaleur et stimulant la production de collag\u00e8ne et d\u2019\u00e9lastine. Cela permet de raffermir la peau, de r\u00e9duire l\u2019apparence des rides et de la cellulite, et d\u2019am\u00e9liorer l\u2019\u00e9lasticit\u00e9 cutan\u00e9e.<\/li>\n\n<li><strong>Cavitation:<\/strong> Les ultrasons \u00e0 basse fr\u00e9quence cr\u00e9ent des microbulles qui implosent au contact des cellules graisseuses, les d\u00e9truisant ainsi de mani\u00e8re cibl\u00e9e. Les graisses lib\u00e9r\u00e9es sont ensuite \u00e9limin\u00e9es naturellement par le syst\u00e8me lymphatique.<\/li>\n<\/ul>\n\n<p>\u00a0<\/p>\n\n<p><strong>Quels sont les avantages de SlimWave ?<\/strong><\/p>\n\n<ul class=\"wp-block-list\">\n<li><strong>Amincissement et perte de centim\u00e8tres:<\/strong>\u00a0SlimWave est une solution efficace pour affiner votre silhouette et r\u00e9duire la taille de vos cuisses, hanches, ventre et bras.<\/li>\n\n<li><strong>R\u00e9duction de la cellulite:<\/strong>\u00a0La cavitation permet d\u2019\u00e9liminer la cellulite tenace et de lisser l\u2019aspect peau d\u2019orange.<\/li>\n\n<li><strong>Tonification de la peau:<\/strong>\u00a0La stimulation de la production de collag\u00e8ne par la radiofr\u00e9quence raffermit la peau et am\u00e9liore son \u00e9lasticit\u00e9.<\/li>\n\n<li><strong>R\u00e9sultat durable:<\/strong>\u00a0Les effets de SlimWave sont visibles d\u00e8s les premi\u00e8res s\u00e9ances et peuvent durer plusieurs mois, selon votre mode de vie.<\/li>\n\n<li><strong>Proc\u00e9dure s\u00fbre et non invasive:<\/strong>\u00a0SlimWave est une technique non chirurgicale qui ne n\u00e9cessite ni anesth\u00e9sie ni temps de r\u00e9cup\u00e9ration.<\/li>\n<\/ul>\n\n<p>\u00a0<\/p>\n\n<p><strong>SlimWave est une solution id\u00e9ale pour les personnes qui souhaitent :<\/strong><\/p>\n\n<ul class=\"wp-block-list\">\n<li>Affiner leur silhouette sans avoir recours \u00e0 la chirurgie<\/li>\n\n<li>R\u00e9duire la cellulite tenace<\/li>\n\n<li>Tonifier leur peau et am\u00e9liorer son \u00e9lasticit\u00e9<\/li>\n\n<li>Obtenir des r\u00e9sultats visibles et durables<\/li>\n<\/ul>\n\n<p>\u00a0<\/p>\n\n<p><strong>L\u2019Essentiel Esth\u00e9tique propose des s\u00e9ances de SlimWave personnalis\u00e9es pour r\u00e9pondre \u00e0 vos besoins sp\u00e9cifiques.<\/strong> Nos esth\u00e9ticiennes exp\u00e9riment\u00e9es vous guideront \u00e0 travers chaque \u00e9tape du processus et vous assureront une exp\u00e9rience confortable et des r\u00e9sultats optimaux.<\/p>\n\n<p>\u00a0<\/p>\n\n<p><strong>Contactez-nous d\u00e8s aujourd\u2019hui pour r\u00e9server votre consultation gratuite et d\u00e9couvrir comment SlimWave peut transformer votre silhouette!<\/strong><\/p>\n\t\t\t\t\t\t\t\t<\/div>\n\t\t\t\t<\/div>\n\t\t\t\t\t<\/div>\n\t\t\t\t<\/div>\n\t\t<div class=\"elementor-element elementor-element-0d5d527 e-ecs-flex e-flex e-con-boxed e-con e-parent\" data-id=\"0d5d527\" data-element_type=\"container\" data-e-type=\"container\" data-settings=\"{&quot;ecs_container_type&quot;:&quot;flex&quot;}\">\n\t\t\t\t\t<div class=\"e-con-inner\">\n\t\t\t\t<div class=\"elementor-element elementor-element-43235c6 elementor-widget elementor-widget-heading\" data-id=\"43235c6\" data-element_type=\"widget\" data-e-type=\"widget\" data-widget_type=\"heading.default\">\n\t\t\t\t<div class=\"elementor-widget-container\">\n\t\t\t\t\t<h2 class=\"elementor-heading-title elementor-size-default\">Traitements SlimWave<\/h2>\t\t\t\t<\/div>\n\t\t\t\t<\/div>\n\t\t\t\t\t<\/div>\n\t\t\t\t<\/div>\n\t\t<div class=\"elementor-element elementor-element-1a2fdf3 e-ecs-flex e-flex e-con-boxed e-con e-parent\" data-id=\"1a2fdf3\" data-element_type=\"container\" data-e-type=\"container\" data-settings=\"{&quot;ecs_container_type&quot;:&quot;flex&quot;}\">\n\t\t\t\t\t<div class=\"e-con-inner\">\n\t\t\t\t<div class=\"elementor-element elementor-element-60111f1 elementor-widget elementor-widget-gallery\" data-id=\"60111f1\" data-element_type=\"widget\" data-e-type=\"widget\" data-settings=\"{&quot;gallery_layout&quot;:&quot;masonry&quot;,&quot;lazyload&quot;:&quot;yes&quot;,&quot;columns&quot;:4,&quot;columns_tablet&quot;:2,&quot;columns_mobile&quot;:1,&quot;gap&quot;:{&quot;unit&quot;:&quot;px&quot;,&quot;size&quot;:10,&quot;sizes&quot;:[]},&quot;gap_tablet&quot;:{&quot;unit&quot;:&quot;px&quot;,&quot;size&quot;:10,&quot;sizes&quot;:[]},&quot;gap_mobile&quot;:{&quot;unit&quot;:&quot;px&quot;,&quot;size&quot;:10,&quot;sizes&quot;:[]},&quot;link_to&quot;:&quot;file&quot;,&quot;overlay_background&quot;:&quot;yes&quot;,&quot;content_hover_animation&quot;:&quot;fade-in&quot;}\" data-widget_type=\"gallery.default\">\n\t\t\t\t<div class=\"elementor-widget-container\">\n\t\t\t\t\t\t\t<div class=\"elementor-gallery__container\">\n\t\t\t\t\t\t\t<a class=\"e-gallery-item elementor-gallery-item elementor-animated-content\" href=\"https:\/\/lessentielesthetique.ca\/wp-content\/uploads\/2025\/03\/IMG_0112.jpg\" data-elementor-open-lightbox=\"yes\" data-elementor-lightbox-slideshow=\"60111f1\" data-elementor-lightbox-title=\"IMG_0112\" data-e-action-hash=\"#elementor-action%3Aaction%3Dlightbox%26settings%3DeyJpZCI6MzIzNCwidXJsIjoiaHR0cHM6XC9cL2xlc3NlbnRpZWxlc3RoZXRpcXVlLmNhXC93cC1jb250ZW50XC91cGxvYWRzXC8yMDI1XC8wM1wvSU1HXzAxMTIuanBnIiwic2xpZGVzaG93IjoiNjAxMTFmMSJ9\">\n\t\t\t\t\t<div class=\"e-gallery-image elementor-gallery-item__image\" data-thumbnail=\"https:\/\/lessentielesthetique.ca\/wp-content\/uploads\/2025\/03\/IMG_0112-225x300.jpg\" data-width=\"225\" data-height=\"300\" aria-label=\"\" role=\"img\" ><\/div>\n\t\t\t\t\t\t\t\t\t\t\t<div class=\"elementor-gallery-item__overlay\"><\/div>\n\t\t\t\t\t\t\t\t\t\t\t\t\t\t<\/a>\n\t\t\t\t\t\t\t<a class=\"e-gallery-item elementor-gallery-item elementor-animated-content\" href=\"https:\/\/lessentielesthetique.ca\/wp-content\/uploads\/2025\/03\/9E8017E4-68BB-46BF-9CB9-39512E9AEEFA-1.jpg\" data-elementor-open-lightbox=\"yes\" data-elementor-lightbox-slideshow=\"60111f1\" data-elementor-lightbox-title=\"9E8017E4-68BB-46BF-9CB9-39512E9AEEFA\" data-e-action-hash=\"#elementor-action%3Aaction%3Dlightbox%26settings%3DeyJpZCI6MzI2MSwidXJsIjoiaHR0cHM6XC9cL2xlc3NlbnRpZWxlc3RoZXRpcXVlLmNhXC93cC1jb250ZW50XC91cGxvYWRzXC8yMDI1XC8wM1wvOUU4MDE3RTQtNjhCQi00NkJGLTlDQjktMzk1MTJFOUFFRUZBLTEuanBnIiwic2xpZGVzaG93IjoiNjAxMTFmMSJ9\">\n\t\t\t\t\t<div class=\"e-gallery-image elementor-gallery-item__image\" data-thumbnail=\"https:\/\/lessentielesthetique.ca\/wp-content\/uploads\/2025\/03\/9E8017E4-68BB-46BF-9CB9-39512E9AEEFA-1-300x150.jpg\" data-width=\"300\" data-height=\"150\" aria-label=\"\" role=\"img\" ><\/div>\n\t\t\t\t\t\t\t\t\t\t\t<div class=\"elementor-gallery-item__overlay\"><\/div>\n\t\t\t\t\t\t\t\t\t\t\t\t\t\t<\/a>\n\t\t\t\t\t<\/div>\n\t\t\t\t\t<\/div>\n\t\t\t\t<\/div>\n\t\t\t\t<div class=\"elementor-element elementor-element-bac9d5d elementor-widget elementor-widget-spacer\" data-id=\"bac9d5d\" data-element_type=\"widget\" data-e-type=\"widget\" data-widget_type=\"spacer.default\">\n\t\t\t\t<div class=\"elementor-widget-container\">\n\t\t\t\t\t\t\t<div class=\"elementor-spacer\">\n\t\t\t<div class=\"elementor-spacer-inner\"><\/div>\n\t\t<\/div>\n\t\t\t\t\t\t<\/div>\n\t\t\t\t<\/div>\n\t\t\t\t\t<\/div>\n\t\t\t\t<\/div>\n\t\t\t\t<\/div>","protected":false},"excerpt":{"rendered":"<p>Book Your Appointment Discover SlimWave: The Revolutionary Body Sculpting Technology at L&#8217;Essentiel \u00a0 Looking for an effective solution to slim your figure, reduce cellulite, and tone your skin? SlimWave is the revolutionary technology you&#8217;ve been waiting for! This non-invasive treatment combines the benefits of radiofrequency and cavitation to stimulate collagen production, eliminate fat, and firm [&hellip;]<\/p>\n","protected":false},"author":6,"featured_media":0,"parent":2081,"menu_order":0,"comment_status":"closed","ping_status":"closed","template":"","meta":{"footnotes":""},"class_list":["post-2742","page","type-page","status-publish","hentry"],"_links":{"self":[{"href":"https:\/\/lessentielesthetique.ca\/fr\/wp-json\/wp\/v2\/pages\/2742","targetHints":{"allow":["GET"]}}],"collection":[{"href":"https:\/\/lessentielesthetique.ca\/fr\/wp-json\/wp\/v2\/pages"}],"about":[{"href":"https:\/\/lessentielesthetique.ca\/fr\/wp-json\/wp\/v2\/types\/page"}],"author":[{"embeddable":true,"href":"https:\/\/lessentielesthetique.ca\/fr\/wp-json\/wp\/v2\/users\/6"}],"replies":[{"embeddable":true,"href":"https:\/\/lessentielesthetique.ca\/fr\/wp-json\/wp\/v2\/comments?post=2742"}],"version-history":[{"count":6,"href":"https:\/\/lessentielesthetique.ca\/fr\/wp-json\/wp\/v2\/pages\/2742\/revisions"}],"predecessor-version":[{"id":3423,"href":"https:\/\/lessentielesthetique.ca\/fr\/wp-json\/wp\/v2\/pages\/2742\/revisions\/3423"}],"up":[{"embeddable":true,"href":"https:\/\/lessentielesthetique.ca\/fr\/wp-json\/wp\/v2\/pages\/2081"}],"wp:attachment":[{"href":"https:\/\/lessentielesthetique.ca\/fr\/wp-json\/wp\/v2\/media?parent=2742"}],"curies":[{"name":"wp","href":"https:\/\/api.w.org\/{rel}","templated":true}]}}