{"id":2734,"date":"2024-02-14T14:34:47","date_gmt":"2024-02-14T19:34:47","guid":{"rendered":"https:\/\/lessentielesthetique.ca\/?page_id=2734"},"modified":"2025-04-03T15:00:12","modified_gmt":"2025-04-03T19:00:12","slug":"pressotherapy","status":"publish","type":"page","link":"https:\/\/lessentielesthetique.ca\/fr\/services\/pressotherapy\/","title":{"rendered":"Pressoth\u00e9rapie"},"content":{"rendered":"<div data-elementor-type=\"wp-page\" data-elementor-id=\"2734\" class=\"elementor elementor-2734\" data-elementor-post-type=\"page\">\n\t\t\t\t<div class=\"elementor-element elementor-element-3ba2f342 e-ecs-flex e-flex e-con-boxed e-con e-parent\" data-id=\"3ba2f342\" data-element_type=\"container\" data-e-type=\"container\" data-settings=\"{&quot;ecs_container_type&quot;:&quot;flex&quot;}\">\n\t\t\t\t\t<div class=\"e-con-inner\">\n\t\t\t\t<div class=\"elementor-element elementor-element-89946f2 elementor-widget elementor-widget-button\" data-id=\"89946f2\" data-element_type=\"widget\" data-e-type=\"widget\" data-widget_type=\"button.default\">\n\t\t\t\t<div class=\"elementor-widget-container\">\n\t\t\t\t\t\t\t\t\t<div class=\"elementor-button-wrapper\">\n\t\t\t\t\t<a class=\"elementor-button elementor-button-link elementor-size-sm\" href=\"https:\/\/book.squareup.com\/appointments\/3f7a317c-a749-4e84-ba0f-3df12052449a\/location\/BDBVFAZVJ3XEY\/services\/ZNHY33QRYAOTCUQAOSLWSOAV\">\n\t\t\t\t\t\t<span class=\"elementor-button-content-wrapper\">\n\t\t\t\t\t\t\t\t\t<span class=\"elementor-button-text\">Prendre un rendez-vous<\/span>\n\t\t\t\t\t<\/span>\n\t\t\t\t\t<\/a>\n\t\t\t\t<\/div>\n\t\t\t\t\t\t\t\t<\/div>\n\t\t\t\t<\/div>\n\t\t\t\t<div class=\"elementor-element elementor-element-263a47a2 elementor-widget elementor-widget-text-editor\" data-id=\"263a47a2\" data-element_type=\"widget\" data-e-type=\"widget\" data-widget_type=\"text-editor.default\">\n\t\t\t\t<div class=\"elementor-widget-container\">\n\t\t\t\t\t\t\t\t\t\n<h2 class=\"wp-block-heading\">D\u00e9couvrez les bienfaits de la pressoth\u00e9rapie pour une circulation sanguine optimale chez L\u2019Essentiel!<\/h2>\n<p>\u00a0<\/p>\n\n<p><strong>En qu\u00eate d\u2019une solution efficace pour am\u00e9liorer votre circulation sanguine, soulager vos jambes lourdes et affiner votre silhouette ?<\/strong> La pressoth\u00e9rapie est la technique id\u00e9ale pour vous ! Cette m\u00e9thode de drainage lymphatique m\u00e9canique utilise des bottes sp\u00e9ciales qui compressent s\u00e9quentiellement vos jambes et vos cuisses pour stimuler la circulation et \u00e9liminer les toxines.<\/p>\n\n<p>\u00a0<\/p>\n\n<p><strong>Comment fonctionne la pressoth\u00e9rapie?<\/strong><\/p>\n\n<p>La pressoth\u00e9rapie utilise un appareil compos\u00e9 de bottes pneumatiques qui se gonflent et se d\u00e9gonflent s\u00e9quentiellement pour exercer une pression sur vos jambes et vos cuisses. Cette pression stimule la circulation sanguine et lymphatique, ce qui favorise l\u2019\u00e9limination des toxines, des d\u00e9chets m\u00e9taboliques et de l\u2019exc\u00e8s d\u2019eau pr\u00e9sent dans les tissus.<\/p>\n\n<p>\u00a0<\/p>\n\n<p><strong>Quels sont les avantages de la pressoth\u00e9rapie?<\/strong><\/p>\n\n<ul class=\"wp-block-list\">\n<li><strong>Am\u00e9lioration de la circulation sanguine et lymphatique:<\/strong>\u00a0La pressoth\u00e9rapie stimule la circulation sanguine et lymphatique, ce qui permet de mieux oxyg\u00e9ner les tissus et d\u2019\u00e9liminer les toxines plus efficacement.<\/li>\n\n<li><strong>Soulagement des jambes lourdes et des sensations de fatigue:<\/strong>\u00a0La pressoth\u00e9rapie aide \u00e0 r\u00e9duire l\u2019accumulation de liquide dans les jambes, ce qui soulage les sensations de lourdeur, de fatigue et d\u2019inconfort.<\/li>\n\n<li><strong>Amincissement et affinement de la silhouette:<\/strong>\u00a0La pressoth\u00e9rapie peut favoriser l\u2019\u00e9limination de la cellulite et des capitons, en contribuant \u00e0 un affinement de la silhouette.<\/li>\n\n<li><strong>Tonification de la peau:<\/strong>\u00a0La stimulation de la circulation sanguine et lymphatique par la pressoth\u00e9rapie permet de tonifier la peau et d\u2019am\u00e9liorer son \u00e9lasticit\u00e9.<\/li>\n\n<li><strong>D\u00e9tente et bien-\u00eatre:<\/strong>\u00a0La pressoth\u00e9rapie procure un effet relaxant et b\u00e9n\u00e9fique pour le bien-\u00eatre g\u00e9n\u00e9ral.<\/li>\n<\/ul>\n\n<p>\u00a0<\/p>\n\n<p><strong>La pressoth\u00e9rapie est une technique s\u00fbre et efficace qui convient \u00e0 la plupart des personnes.<\/strong> Elle est particuli\u00e8rement recommand\u00e9e aux personnes qui souffrent de circulation sanguine paresseuse, de jambes lourdes, de cellulite, de r\u00e9tention d\u2019eau ou de fatigue chronique.<\/p>\n\n<p>\u00a0<\/p>\n\n<p><strong>L\u2019Essentiel Esth\u00e9tique propose des s\u00e9ances de pressoth\u00e9rapie personnalis\u00e9es pour r\u00e9pondre \u00e0 vos besoins sp\u00e9cifiques.<\/strong> Nos esth\u00e9ticiennes exp\u00e9riment\u00e9es vous guideront \u00e0 travers chaque \u00e9tape du processus, en vous assurant une exp\u00e9rience confortable et des r\u00e9sultats optimaux.<\/p>\n\n<p><strong>Contactez-nous d\u00e8s aujourd\u2019hui pour r\u00e9server votre consultation gratuite et d\u00e9couvrir comment la pressoth\u00e9rapie peut transformer votre bien-\u00eatre!<\/strong><\/p>\n\t\t\t\t\t\t\t\t<\/div>\n\t\t\t\t<\/div>\n\t\t\t\t\t<\/div>\n\t\t\t\t<\/div>\n\t\t<div class=\"elementor-element elementor-element-d62692c e-ecs-flex e-flex e-con-boxed e-con e-parent\" data-id=\"d62692c\" data-element_type=\"container\" data-e-type=\"container\" data-settings=\"{&quot;ecs_container_type&quot;:&quot;flex&quot;}\">\n\t\t\t\t\t<div class=\"e-con-inner\">\n\t\t\t\t<div class=\"elementor-element elementor-element-46cc355 elementor-widget elementor-widget-heading\" data-id=\"46cc355\" data-element_type=\"widget\" data-e-type=\"widget\" data-widget_type=\"heading.default\">\n\t\t\t\t<div class=\"elementor-widget-container\">\n\t\t\t\t\t<h2 class=\"elementor-heading-title elementor-size-default\">Traitements de pressoth\u00e9rapie<\/h2>\t\t\t\t<\/div>\n\t\t\t\t<\/div>\n\t\t\t\t\t<\/div>\n\t\t\t\t<\/div>\n\t\t<div class=\"elementor-element elementor-element-b8381af e-ecs-flex e-flex e-con-boxed e-con e-parent\" data-id=\"b8381af\" data-element_type=\"container\" data-e-type=\"container\" data-settings=\"{&quot;ecs_container_type&quot;:&quot;flex&quot;}\">\n\t\t\t\t\t<div class=\"e-con-inner\">\n\t\t\t\t<div class=\"elementor-element elementor-element-ca2a61e elementor-widget elementor-widget-gallery\" data-id=\"ca2a61e\" data-element_type=\"widget\" data-e-type=\"widget\" data-settings=\"{&quot;gallery_layout&quot;:&quot;masonry&quot;,&quot;lazyload&quot;:&quot;yes&quot;,&quot;columns&quot;:4,&quot;columns_tablet&quot;:2,&quot;columns_mobile&quot;:1,&quot;gap&quot;:{&quot;unit&quot;:&quot;px&quot;,&quot;size&quot;:10,&quot;sizes&quot;:[]},&quot;gap_tablet&quot;:{&quot;unit&quot;:&quot;px&quot;,&quot;size&quot;:10,&quot;sizes&quot;:[]},&quot;gap_mobile&quot;:{&quot;unit&quot;:&quot;px&quot;,&quot;size&quot;:10,&quot;sizes&quot;:[]},&quot;link_to&quot;:&quot;file&quot;,&quot;overlay_background&quot;:&quot;yes&quot;,&quot;content_hover_animation&quot;:&quot;fade-in&quot;}\" data-widget_type=\"gallery.default\">\n\t\t\t\t<div class=\"elementor-widget-container\">\n\t\t\t\t\t\t\t<div class=\"elementor-gallery__container\">\n\t\t\t\t\t\t\t<a class=\"e-gallery-item elementor-gallery-item elementor-animated-content\" href=\"https:\/\/lessentielesthetique.ca\/wp-content\/uploads\/2025\/03\/IMG_3631-e1743706787423.jpg\" data-elementor-open-lightbox=\"yes\" data-elementor-lightbox-slideshow=\"ca2a61e\" data-elementor-lightbox-title=\"Screenshot\" data-e-action-hash=\"#elementor-action%3Aaction%3Dlightbox%26settings%3DeyJpZCI6MzI3OSwidXJsIjoiaHR0cHM6XC9cL2xlc3NlbnRpZWxlc3RoZXRpcXVlLmNhXC93cC1jb250ZW50XC91cGxvYWRzXC8yMDI1XC8wM1wvSU1HXzM2MzEtZTE3NDM3MDY3ODc0MjMuanBnIiwic2xpZGVzaG93IjoiY2EyYTYxZSJ9\">\n\t\t\t\t\t<div class=\"e-gallery-image elementor-gallery-item__image\" data-thumbnail=\"https:\/\/lessentielesthetique.ca\/wp-content\/uploads\/2025\/03\/IMG_3631-e1743706787423-191x300.jpg\" data-width=\"191\" data-height=\"300\" aria-label=\"\" role=\"img\" ><\/div>\n\t\t\t\t\t\t\t\t\t\t\t<div class=\"elementor-gallery-item__overlay\"><\/div>\n\t\t\t\t\t\t\t\t\t\t\t\t\t\t<\/a>\n\t\t\t\t\t<\/div>\n\t\t\t\t\t<\/div>\n\t\t\t\t<\/div>\n\t\t\t\t\t<\/div>\n\t\t\t\t<\/div>\n\t\t\t\t<\/div>","protected":false},"excerpt":{"rendered":"<p>Book Your Appointment Discover the Benefits of Pressotherapy for Optimal Circulation at L&#8217;Essentiel \u00a0 Looking for an effective solution to improve your circulation, relieve heavy legs, and refine your silhouette? Pressotherapy is the ideal technique for you! This mechanical lymphatic drainage method utilizes specialized boots that sequentially compress your legs and thighs to stimulate circulation [&hellip;]<\/p>\n","protected":false},"author":6,"featured_media":0,"parent":2081,"menu_order":0,"comment_status":"closed","ping_status":"closed","template":"","meta":{"footnotes":""},"class_list":["post-2734","page","type-page","status-publish","hentry"],"_links":{"self":[{"href":"https:\/\/lessentielesthetique.ca\/fr\/wp-json\/wp\/v2\/pages\/2734","targetHints":{"allow":["GET"]}}],"collection":[{"href":"https:\/\/lessentielesthetique.ca\/fr\/wp-json\/wp\/v2\/pages"}],"about":[{"href":"https:\/\/lessentielesthetique.ca\/fr\/wp-json\/wp\/v2\/types\/page"}],"author":[{"embeddable":true,"href":"https:\/\/lessentielesthetique.ca\/fr\/wp-json\/wp\/v2\/users\/6"}],"replies":[{"embeddable":true,"href":"https:\/\/lessentielesthetique.ca\/fr\/wp-json\/wp\/v2\/comments?post=2734"}],"version-history":[{"count":5,"href":"https:\/\/lessentielesthetique.ca\/fr\/wp-json\/wp\/v2\/pages\/2734\/revisions"}],"predecessor-version":[{"id":3354,"href":"https:\/\/lessentielesthetique.ca\/fr\/wp-json\/wp\/v2\/pages\/2734\/revisions\/3354"}],"up":[{"embeddable":true,"href":"https:\/\/lessentielesthetique.ca\/fr\/wp-json\/wp\/v2\/pages\/2081"}],"wp:attachment":[{"href":"https:\/\/lessentielesthetique.ca\/fr\/wp-json\/wp\/v2\/media?parent=2734"}],"curies":[{"name":"wp","href":"https:\/\/api.w.org\/{rel}","templated":true}]}}