{"id":2730,"date":"2024-02-14T14:34:12","date_gmt":"2024-02-14T19:34:12","guid":{"rendered":"https:\/\/lessentielesthetique.ca\/?page_id=2730"},"modified":"2025-04-03T15:57:54","modified_gmt":"2025-04-03T19:57:54","slug":"manicure-pedicure","status":"publish","type":"page","link":"https:\/\/lessentielesthetique.ca\/fr\/services\/manicure-pedicure\/","title":{"rendered":"Manucure et p\u00e9dicure"},"content":{"rendered":"<div data-elementor-type=\"wp-page\" data-elementor-id=\"2730\" class=\"elementor elementor-2730\" data-elementor-post-type=\"page\">\n\t\t\t\t<div class=\"elementor-element elementor-element-72048cd2 e-ecs-flex e-flex e-con-boxed e-con e-parent\" data-id=\"72048cd2\" data-element_type=\"container\" data-e-type=\"container\" data-settings=\"{&quot;ecs_container_type&quot;:&quot;flex&quot;}\">\n\t\t\t\t\t<div class=\"e-con-inner\">\n\t\t\t\t<div class=\"elementor-element elementor-element-9bb3b08 elementor-widget elementor-widget-heading\" data-id=\"9bb3b08\" data-element_type=\"widget\" data-e-type=\"widget\" data-widget_type=\"heading.default\">\n\t\t\t\t<div class=\"elementor-widget-container\">\n\t\t\t\t\t<h2 class=\"elementor-heading-title elementor-size-default\">Prendre un rendez-vous<\/h2>\t\t\t\t<\/div>\n\t\t\t\t<\/div>\n\t\t<div class=\"elementor-element elementor-element-888c240 e-grid e-con-full e-ecs-flex e-con e-child\" data-id=\"888c240\" data-element_type=\"container\" data-e-type=\"container\" data-settings=\"{&quot;ecs_container_type&quot;:&quot;flex&quot;}\">\n\t\t\t\t<div class=\"elementor-element elementor-element-6cf9467 elementor-align-center elementor-widget elementor-widget-button\" data-id=\"6cf9467\" data-element_type=\"widget\" data-e-type=\"widget\" data-widget_type=\"button.default\">\n\t\t\t\t<div class=\"elementor-widget-container\">\n\t\t\t\t\t\t\t\t\t<div class=\"elementor-button-wrapper\">\n\t\t\t\t\t<a class=\"elementor-button elementor-button-link elementor-size-sm\" href=\"https:\/\/book.squareup.com\/appointments\/3f7a317c-a749-4e84-ba0f-3df12052449a\/location\/BDBVFAZVJ3XEY\/services\/YILUKYGKRMD2H37HCAEW2RW6\">\n\t\t\t\t\t\t<span class=\"elementor-button-content-wrapper\">\n\t\t\t\t\t\t\t\t\t<span class=\"elementor-button-text\">Manucure<\/span>\n\t\t\t\t\t<\/span>\n\t\t\t\t\t<\/a>\n\t\t\t\t<\/div>\n\t\t\t\t\t\t\t\t<\/div>\n\t\t\t\t<\/div>\n\t\t\t\t<div class=\"elementor-element elementor-element-5d5dd7b elementor-align-center elementor-widget elementor-widget-button\" data-id=\"5d5dd7b\" data-element_type=\"widget\" data-e-type=\"widget\" data-widget_type=\"button.default\">\n\t\t\t\t<div class=\"elementor-widget-container\">\n\t\t\t\t\t\t\t\t\t<div class=\"elementor-button-wrapper\">\n\t\t\t\t\t<a class=\"elementor-button elementor-button-link elementor-size-sm\" href=\"https:\/\/book.squareup.com\/appointments\/3f7a317c-a749-4e84-ba0f-3df12052449a\/location\/BDBVFAZVJ3XEY\/services\/2SPFZFDVD435T22JLMXZQ352\">\n\t\t\t\t\t\t<span class=\"elementor-button-content-wrapper\">\n\t\t\t\t\t\t\t\t\t<span class=\"elementor-button-text\">P\u00e9dicure<\/span>\n\t\t\t\t\t<\/span>\n\t\t\t\t\t<\/a>\n\t\t\t\t<\/div>\n\t\t\t\t\t\t\t\t<\/div>\n\t\t\t\t<\/div>\n\t\t\t\t<div class=\"elementor-element elementor-element-26c2568 elementor-align-center elementor-widget elementor-widget-button\" data-id=\"26c2568\" data-element_type=\"widget\" data-e-type=\"widget\" data-widget_type=\"button.default\">\n\t\t\t\t<div class=\"elementor-widget-container\">\n\t\t\t\t\t\t\t\t\t<div class=\"elementor-button-wrapper\">\n\t\t\t\t\t<a class=\"elementor-button elementor-button-link elementor-size-sm\" href=\"https:\/\/book.squareup.com\/appointments\/3f7a317c-a749-4e84-ba0f-3df12052449a\/location\/BDBVFAZVJ3XEY\/services\/JORU2OP3J3LOWTYMPEGEDCDQ\">\n\t\t\t\t\t\t<span class=\"elementor-button-content-wrapper\">\n\t\t\t\t\t\t\t\t\t<span class=\"elementor-button-text\">Promo Manicure &amp; Pedicure<\/span>\n\t\t\t\t\t<\/span>\n\t\t\t\t\t<\/a>\n\t\t\t\t<\/div>\n\t\t\t\t\t\t\t\t<\/div>\n\t\t\t\t<\/div>\n\t\t\t\t<\/div>\n\t\t\t\t<div class=\"elementor-element elementor-element-6be6ab21 elementor-widget elementor-widget-text-editor\" data-id=\"6be6ab21\" data-element_type=\"widget\" data-e-type=\"widget\" data-widget_type=\"text-editor.default\">\n\t\t\t\t<div class=\"elementor-widget-container\">\n\t\t\t\t\t\t\t\t\t\n<h2 class=\"wp-block-heading\">Offrez-vous un moment de d\u00e9tente et de beaut\u00e9 avec nos services de manucure et p\u00e9dicure \u00e0 L\u2019Essentiel<\/h2>\n\n<p>\u00a0<\/p>\n\n<p><strong>Vos mains et vos pieds m\u00e9ritent ce qu\u2019il y a de mieux !<\/strong> Offrez-vous un moment de d\u00e9tente et de beaut\u00e9 avec nos services de manucure et de p\u00e9dicure professionnels \u00e0 L\u2019Essentiel.<\/p>\n\n<p>\u00a0<\/p>\n\n<p><strong>Nos manucures et p\u00e9dicures sont r\u00e9alis\u00e9s par des esth\u00e9ticiennes exp\u00e9riment\u00e9es et attentionn\u00e9es qui utilisent des produits de haute qualit\u00e9 pour vous offrir un r\u00e9sultat impeccable et durable.<\/strong><\/p>\n\n<p>\u00a0<\/p>\n\n<p><strong>Manucure<\/strong><\/p>\n\n<ul class=\"wp-block-list\">\n<li><strong>Soin des ongles:<\/strong>\u00a0Nous limons, buffons et polissons vos ongles pour leur donner une forme parfaite et une brillance \u00e9clatante.<\/li>\n\n<li><strong>Cuticules:<\/strong>\u00a0Nous prenons soin de vos cuticules pour les hydrater et les repousser d\u00e9licatement, pour un contour des ongles net et soign\u00e9.<\/li>\n\n<li><strong>Vernis:<\/strong>\u00a0Nous vous proposons une large gamme de vernis \u00e0 ongles de couleurs et de textures pour assortir votre manucure \u00e0 votre style et \u00e0 votre humeur.<\/li>\n<\/ul>\n\n<p>\u00a0<\/p>\n\n<p><strong>P\u00e9dicure<\/strong><\/p>\n\n<ul class=\"wp-block-list\">\n<li><strong>Soin des pieds:<\/strong>\u00a0Nous exfolions vos pieds pour \u00e9liminer les peaux mortes et les callosit\u00e9s, pour une peau douce et lisse.<\/li>\n\n<li><strong>Soin des ongles:<\/strong>\u00a0Nous coupons, limons et polissons vos ongles pour leur donner une forme parfaite et saine.<\/li>\n\n<li><strong>Cuticules:<\/strong>\u00a0Nous prenons soin de vos cuticules pour les hydrater et les repousser d\u00e9licatement, pour un contour des ongles net et soign\u00e9.<\/li>\n\n<li><strong>Vernis:<\/strong>\u00a0Nous vous proposons une large gamme de vernis \u00e0 ongles de couleurs et de textures pour assortir votre p\u00e9dicure \u00e0 votre style et \u00e0 votre humeur.<\/li>\n<\/ul>\n\n<p>\u00a0<\/p>\n\n<p><strong>En plus de nos services de manucure et de p\u00e9dicure classiques, nous proposons \u00e9galement des prestations plus sophistiqu\u00e9es, telles que :<\/strong><\/p>\n\n<ul class=\"wp-block-list\">\n<li><strong>Manucure et p\u00e9dicure Fran\u00e7ais<\/strong><\/li>\n\n<li><strong>Soins des ongles ab\u00eem\u00e9s<\/strong><\/li>\n<\/ul>\n\n<p>\u00a0<\/p>\n\n<p><strong>Que vous recherchiez une manucure ou un p\u00e9dicure simple et rapide ou une prestation plus \u00e9labor\u00e9e pour une occasion sp\u00e9ciale, L\u2019Essentiel a le service qu\u2019il vous faut.<\/strong><\/p>\n\n<p><strong>Contactez-nous d\u00e8s aujourd\u2019hui pour r\u00e9server votre rendez-vous et offrez-vous un moment de d\u00e9tente et de beaut\u00e9 bien m\u00e9rit\u00e9!<\/strong><\/p>\n\t\t\t\t\t\t\t\t<\/div>\n\t\t\t\t<\/div>\n\t\t\t\t\t<\/div>\n\t\t\t\t<\/div>\n\t\t<div class=\"elementor-element elementor-element-2888d7f e-ecs-flex e-flex e-con-boxed e-con e-parent\" data-id=\"2888d7f\" data-element_type=\"container\" data-e-type=\"container\" data-settings=\"{&quot;ecs_container_type&quot;:&quot;flex&quot;}\">\n\t\t\t\t\t<div class=\"e-con-inner\">\n\t\t\t\t<div class=\"elementor-element elementor-element-e1582ea elementor-widget elementor-widget-heading\" data-id=\"e1582ea\" data-element_type=\"widget\" data-e-type=\"widget\" data-widget_type=\"heading.default\">\n\t\t\t\t<div class=\"elementor-widget-container\">\n\t\t\t\t\t<h2 class=\"elementor-heading-title elementor-size-default\">Manicure &amp; Pedicure Treatments<\/h2>\t\t\t\t<\/div>\n\t\t\t\t<\/div>\n\t\t\t\t\t<\/div>\n\t\t\t\t<\/div>\n\t\t<div class=\"elementor-element elementor-element-52947d6 e-ecs-flex e-flex e-con-boxed e-con e-parent\" data-id=\"52947d6\" data-element_type=\"container\" data-e-type=\"container\" data-settings=\"{&quot;ecs_container_type&quot;:&quot;flex&quot;}\">\n\t\t\t\t\t<div class=\"e-con-inner\">\n\t\t\t\t<div class=\"elementor-element elementor-element-0a490c5 elementor-widget elementor-widget-gallery\" data-id=\"0a490c5\" data-element_type=\"widget\" data-e-type=\"widget\" data-settings=\"{&quot;gallery_layout&quot;:&quot;masonry&quot;,&quot;lazyload&quot;:&quot;yes&quot;,&quot;columns&quot;:4,&quot;columns_tablet&quot;:2,&quot;columns_mobile&quot;:1,&quot;gap&quot;:{&quot;unit&quot;:&quot;px&quot;,&quot;size&quot;:10,&quot;sizes&quot;:[]},&quot;gap_tablet&quot;:{&quot;unit&quot;:&quot;px&quot;,&quot;size&quot;:10,&quot;sizes&quot;:[]},&quot;gap_mobile&quot;:{&quot;unit&quot;:&quot;px&quot;,&quot;size&quot;:10,&quot;sizes&quot;:[]},&quot;link_to&quot;:&quot;file&quot;,&quot;overlay_background&quot;:&quot;yes&quot;,&quot;content_hover_animation&quot;:&quot;fade-in&quot;}\" data-widget_type=\"gallery.default\">\n\t\t\t\t<div class=\"elementor-widget-container\">\n\t\t\t\t\t\t\t<div class=\"elementor-gallery__container\">\n\t\t\t\t\t\t\t<a class=\"e-gallery-item elementor-gallery-item elementor-animated-content\" href=\"https:\/\/lessentielesthetique.ca\/wp-content\/uploads\/2025\/03\/IMG_6912-scaled.jpg\" data-elementor-open-lightbox=\"yes\" data-elementor-lightbox-slideshow=\"0a490c5\" data-elementor-lightbox-title=\"IMG_6912\" data-e-action-hash=\"#elementor-action%3Aaction%3Dlightbox%26settings%3DeyJpZCI6MzI2OCwidXJsIjoiaHR0cHM6XC9cL2xlc3NlbnRpZWxlc3RoZXRpcXVlLmNhXC93cC1jb250ZW50XC91cGxvYWRzXC8yMDI1XC8wM1wvSU1HXzY5MTItc2NhbGVkLmpwZyIsInNsaWRlc2hvdyI6IjBhNDkwYzUifQ%3D%3D\">\n\t\t\t\t\t<div class=\"e-gallery-image elementor-gallery-item__image\" data-thumbnail=\"https:\/\/lessentielesthetique.ca\/wp-content\/uploads\/2025\/03\/IMG_6912-225x300.jpg\" data-width=\"225\" data-height=\"300\" aria-label=\"\" role=\"img\" ><\/div>\n\t\t\t\t\t\t\t\t\t\t\t<div class=\"elementor-gallery-item__overlay\"><\/div>\n\t\t\t\t\t\t\t\t\t\t\t\t\t\t<\/a>\n\t\t\t\t\t\t\t<a class=\"e-gallery-item elementor-gallery-item elementor-animated-content\" href=\"https:\/\/lessentielesthetique.ca\/wp-content\/uploads\/2023\/11\/treatment-6.jpg\" data-elementor-open-lightbox=\"yes\" data-elementor-lightbox-slideshow=\"0a490c5\" data-elementor-lightbox-title=\"treatment-6\" data-e-action-hash=\"#elementor-action%3Aaction%3Dlightbox%26settings%3DeyJpZCI6NTQ1LCJ1cmwiOiJodHRwczpcL1wvbGVzc2VudGllbGVzdGhldGlxdWUuY2FcL3dwLWNvbnRlbnRcL3VwbG9hZHNcLzIwMjNcLzExXC90cmVhdG1lbnQtNi5qcGciLCJzbGlkZXNob3ciOiIwYTQ5MGM1In0%3D\">\n\t\t\t\t\t<div class=\"e-gallery-image elementor-gallery-item__image\" data-thumbnail=\"https:\/\/lessentielesthetique.ca\/wp-content\/uploads\/2023\/11\/treatment-6-300x199.jpg\" data-width=\"300\" data-height=\"199\" aria-label=\"\" role=\"img\" ><\/div>\n\t\t\t\t\t\t\t\t\t\t\t<div class=\"elementor-gallery-item__overlay\"><\/div>\n\t\t\t\t\t\t\t\t\t\t\t\t\t\t<\/a>\n\t\t\t\t\t<\/div>\n\t\t\t\t\t<\/div>\n\t\t\t\t<\/div>\n\t\t\t\t<div class=\"elementor-element elementor-element-dd26052 elementor-widget elementor-widget-spacer\" data-id=\"dd26052\" data-element_type=\"widget\" data-e-type=\"widget\" data-widget_type=\"spacer.default\">\n\t\t\t\t<div class=\"elementor-widget-container\">\n\t\t\t\t\t\t\t<div class=\"elementor-spacer\">\n\t\t\t<div class=\"elementor-spacer-inner\"><\/div>\n\t\t<\/div>\n\t\t\t\t\t\t<\/div>\n\t\t\t\t<\/div>\n\t\t\t\t\t<\/div>\n\t\t\t\t<\/div>\n\t\t\t\t<\/div>","protected":false},"excerpt":{"rendered":"<p>Book Your Appointment Manicure Pedicure Promo Manicure &#038; Pedicure Indulge in Pampering Beauty with Manicures &amp; Pedicures at L&#8217;Essentiel \u00a0 Your hands and feet deserve the best! Treat yourself to a moment of relaxation and beautify them with our professional manicure and pedicure services at L&#8217;Essentiel Esth\u00e9tique. \u00a0 Our manicures and pedicures are performed by [&hellip;]<\/p>\n","protected":false},"author":6,"featured_media":0,"parent":2081,"menu_order":0,"comment_status":"closed","ping_status":"closed","template":"","meta":{"footnotes":""},"class_list":["post-2730","page","type-page","status-publish","hentry"],"_links":{"self":[{"href":"https:\/\/lessentielesthetique.ca\/fr\/wp-json\/wp\/v2\/pages\/2730","targetHints":{"allow":["GET"]}}],"collection":[{"href":"https:\/\/lessentielesthetique.ca\/fr\/wp-json\/wp\/v2\/pages"}],"about":[{"href":"https:\/\/lessentielesthetique.ca\/fr\/wp-json\/wp\/v2\/types\/page"}],"author":[{"embeddable":true,"href":"https:\/\/lessentielesthetique.ca\/fr\/wp-json\/wp\/v2\/users\/6"}],"replies":[{"embeddable":true,"href":"https:\/\/lessentielesthetique.ca\/fr\/wp-json\/wp\/v2\/comments?post=2730"}],"version-history":[{"count":9,"href":"https:\/\/lessentielesthetique.ca\/fr\/wp-json\/wp\/v2\/pages\/2730\/revisions"}],"predecessor-version":[{"id":3404,"href":"https:\/\/lessentielesthetique.ca\/fr\/wp-json\/wp\/v2\/pages\/2730\/revisions\/3404"}],"up":[{"embeddable":true,"href":"https:\/\/lessentielesthetique.ca\/fr\/wp-json\/wp\/v2\/pages\/2081"}],"wp:attachment":[{"href":"https:\/\/lessentielesthetique.ca\/fr\/wp-json\/wp\/v2\/media?parent=2730"}],"curies":[{"name":"wp","href":"https:\/\/api.w.org\/{rel}","templated":true}]}}