{"id":2726,"date":"2024-02-14T14:33:35","date_gmt":"2024-02-14T19:33:35","guid":{"rendered":"https:\/\/lessentielesthetique.ca\/?page_id=2726"},"modified":"2025-04-03T15:49:18","modified_gmt":"2025-04-03T19:49:18","slug":"permanent-make-up","status":"publish","type":"page","link":"https:\/\/lessentielesthetique.ca\/fr\/services\/permanent-make-up\/","title":{"rendered":"Maquillage permanent"},"content":{"rendered":"<div data-elementor-type=\"wp-page\" data-elementor-id=\"2726\" class=\"elementor elementor-2726\" data-elementor-post-type=\"page\">\n\t\t\t\t<div class=\"elementor-element elementor-element-1a64d0b4 e-ecs-flex e-flex e-con-boxed e-con e-parent\" data-id=\"1a64d0b4\" data-element_type=\"container\" data-e-type=\"container\" data-settings=\"{&quot;ecs_container_type&quot;:&quot;flex&quot;}\">\n\t\t\t\t\t<div class=\"e-con-inner\">\n\t\t\t\t<div class=\"elementor-element elementor-element-b99ae0f elementor-widget elementor-widget-button\" data-id=\"b99ae0f\" data-element_type=\"widget\" data-e-type=\"widget\" data-widget_type=\"button.default\">\n\t\t\t\t<div class=\"elementor-widget-container\">\n\t\t\t\t\t\t\t\t\t<div class=\"elementor-button-wrapper\">\n\t\t\t\t\t<a class=\"elementor-button elementor-button-link elementor-size-sm\" href=\"https:\/\/book.squareup.com\/appointments\/3f7a317c-a749-4e84-ba0f-3df12052449a\/location\/BDBVFAZVJ3XEY\/services\/L2XLUTNFHPTJ5VAZWMOE37S2\">\n\t\t\t\t\t\t<span class=\"elementor-button-content-wrapper\">\n\t\t\t\t\t\t\t\t\t<span class=\"elementor-button-text\">Prendre un rendez-vous<\/span>\n\t\t\t\t\t<\/span>\n\t\t\t\t\t<\/a>\n\t\t\t\t<\/div>\n\t\t\t\t\t\t\t\t<\/div>\n\t\t\t\t<\/div>\n\t\t\t\t<div class=\"elementor-element elementor-element-7ee862e8 elementor-widget elementor-widget-text-editor\" data-id=\"7ee862e8\" data-element_type=\"widget\" data-e-type=\"widget\" data-widget_type=\"text-editor.default\">\n\t\t\t\t<div class=\"elementor-widget-container\">\n\t\t\t\t\t\t\t\t\t\n<h2 class=\"wp-block-heading\">D\u00e9couvrez le pouvoir du maquillage professionnel pour r\u00e9v\u00e9ler votre beaut\u00e9 naturelle \u00e0 L\u2019Essentiel<\/h2>\n\n<p>\u00a0<\/p>\n\n<p><strong>En qu\u00eate d\u2019un maquillage professionnel pour sublimer votre beaut\u00e9 naturelle et vous mettre en valeur pour une occasion sp\u00e9ciale ou simplement pour le plaisir ?<\/strong> L\u2019Essentiel est votre destination de choix pour un maquillage impeccable et personnalis\u00e9.<\/p>\n\n<p>\u00a0<\/p>\n\n<p><strong>Nos maquilleuses exp\u00e9riment\u00e9es et talentueuses sauront mettre en avant vos atouts et cr\u00e9er un maquillage qui correspond parfaitement \u00e0 vos attentes et \u00e0 votre style.<\/strong> Que vous recherchiez un look naturel et discret pour le quotidien ou un maquillage glamour et sophistiqu\u00e9 pour une soir\u00e9e, elles sauront vous conseiller et vous proposer un maquillage sur mesure qui vous mettra en valeur.<\/p>\n\n<p>\u00a0<\/p>\n\n<p><strong>L\u2019Essentiel Esth\u00e9tique utilise des produits de maquillage de haute qualit\u00e9 et des techniques professionnelles pour vous garantir un r\u00e9sultat impeccable et durable.<\/strong> Nous sommes soucieuses de la sant\u00e9 de votre peau et n\u2019utilisons que des produits non com\u00e9dog\u00e8nes et hypoallerg\u00e9niques.<\/p>\n\n<p>\u00a0<\/p>\n\n<p><strong>En plus de notre expertise en maquillage, nous vous proposons \u00e9galement des conseils personnalis\u00e9s en mati\u00e8re de soins de la peau et de choix de produits.<\/strong> Notre objectif est de vous aider \u00e0 prendre soin de votre peau et \u00e0 r\u00e9v\u00e9ler votre beaut\u00e9 naturelle au quotidien.<\/p>\n\n<p>\u00a0<\/p>\n\n<p><strong>Voici quelques-uns des services de maquillage que nous proposons :<\/strong><\/p>\n\n<ul class=\"wp-block-list\">\n<li><strong>Maquillage de jour :<\/strong>\u00a0Un maquillage naturel et discret pour mettre en valeur votre beaut\u00e9 au quotidien.<\/li>\n\n<li><strong>Maquillage de soir\u00e9e :<\/strong>\u00a0Un maquillage glamour et sophistiqu\u00e9 pour une occasion sp\u00e9ciale.<\/li>\n\n<li><strong>Maquillage de mari\u00e9e :<\/strong>\u00a0Un maquillage inoubliable pour le plus beau jour de votre vie.<\/li>\n<\/ul>\n\n<p>\u00a0<\/p>\n\n<p><strong>Contactez-nous d\u00e8s aujourd\u2019hui pour r\u00e9server votre rendez-vous et laissez nos maquilleuses professionnelles vous r\u00e9v\u00e9ler votre beaut\u00e9 naturelle!<\/strong><\/p>\n\t\t\t\t\t\t\t\t<\/div>\n\t\t\t\t<\/div>\n\t\t\t\t\t<\/div>\n\t\t\t\t<\/div>\n\t\t<div class=\"elementor-element elementor-element-07db08b e-ecs-flex e-flex e-con-boxed e-con e-parent\" data-id=\"07db08b\" data-element_type=\"container\" data-e-type=\"container\" data-settings=\"{&quot;ecs_container_type&quot;:&quot;flex&quot;}\">\n\t\t\t\t\t<div class=\"e-con-inner\">\n\t\t\t\t<div class=\"elementor-element elementor-element-0e12ebd elementor-widget elementor-widget-heading\" data-id=\"0e12ebd\" data-element_type=\"widget\" data-e-type=\"widget\" data-widget_type=\"heading.default\">\n\t\t\t\t<div class=\"elementor-widget-container\">\n\t\t\t\t\t<h2 class=\"elementor-heading-title elementor-size-default\">Traitements de maquillage permanent<\/h2>\t\t\t\t<\/div>\n\t\t\t\t<\/div>\n\t\t\t\t\t<\/div>\n\t\t\t\t<\/div>\n\t\t<div class=\"elementor-element elementor-element-c7910dc e-ecs-flex e-flex e-con-boxed e-con e-parent\" data-id=\"c7910dc\" data-element_type=\"container\" data-e-type=\"container\" data-settings=\"{&quot;ecs_container_type&quot;:&quot;flex&quot;}\">\n\t\t\t\t\t<div class=\"e-con-inner\">\n\t\t\t\t<div class=\"elementor-element elementor-element-2616d84 elementor-widget elementor-widget-gallery\" data-id=\"2616d84\" data-element_type=\"widget\" data-e-type=\"widget\" data-settings=\"{&quot;gallery_layout&quot;:&quot;masonry&quot;,&quot;lazyload&quot;:&quot;yes&quot;,&quot;columns&quot;:4,&quot;columns_tablet&quot;:2,&quot;columns_mobile&quot;:1,&quot;gap&quot;:{&quot;unit&quot;:&quot;px&quot;,&quot;size&quot;:10,&quot;sizes&quot;:[]},&quot;gap_tablet&quot;:{&quot;unit&quot;:&quot;px&quot;,&quot;size&quot;:10,&quot;sizes&quot;:[]},&quot;gap_mobile&quot;:{&quot;unit&quot;:&quot;px&quot;,&quot;size&quot;:10,&quot;sizes&quot;:[]},&quot;link_to&quot;:&quot;file&quot;,&quot;overlay_background&quot;:&quot;yes&quot;,&quot;content_hover_animation&quot;:&quot;fade-in&quot;}\" data-widget_type=\"gallery.default\">\n\t\t\t\t<div class=\"elementor-widget-container\">\n\t\t\t\t\t\t\t<div class=\"elementor-gallery__container\">\n\t\t\t\t\t\t\t<a class=\"e-gallery-item elementor-gallery-item elementor-animated-content\" href=\"https:\/\/lessentielesthetique.ca\/wp-content\/uploads\/2025\/03\/pexels-roberto-colatosti-82254438-8826403-scaled.jpg\" data-elementor-open-lightbox=\"yes\" data-elementor-lightbox-slideshow=\"2616d84\" data-elementor-lightbox-title=\"pexels-roberto-colatosti-82254438-8826403\" data-e-action-hash=\"#elementor-action%3Aaction%3Dlightbox%26settings%3DeyJpZCI6MzI3NSwidXJsIjoiaHR0cHM6XC9cL2xlc3NlbnRpZWxlc3RoZXRpcXVlLmNhXC93cC1jb250ZW50XC91cGxvYWRzXC8yMDI1XC8wM1wvcGV4ZWxzLXJvYmVydG8tY29sYXRvc3RpLTgyMjU0NDM4LTg4MjY0MDMtc2NhbGVkLmpwZyIsInNsaWRlc2hvdyI6IjI2MTZkODQifQ%3D%3D\">\n\t\t\t\t\t<div class=\"e-gallery-image elementor-gallery-item__image\" data-thumbnail=\"https:\/\/lessentielesthetique.ca\/wp-content\/uploads\/2025\/03\/pexels-roberto-colatosti-82254438-8826403-300x200.jpg\" data-width=\"300\" data-height=\"200\" aria-label=\"\" role=\"img\" ><\/div>\n\t\t\t\t\t\t\t\t\t\t\t<div class=\"elementor-gallery-item__overlay\"><\/div>\n\t\t\t\t\t\t\t\t\t\t\t\t\t\t<\/a>\n\t\t\t\t\t<\/div>\n\t\t\t\t\t<\/div>\n\t\t\t\t<\/div>\n\t\t\t\t<div class=\"elementor-element elementor-element-e26457b elementor-widget elementor-widget-spacer\" data-id=\"e26457b\" data-element_type=\"widget\" data-e-type=\"widget\" data-widget_type=\"spacer.default\">\n\t\t\t\t<div class=\"elementor-widget-container\">\n\t\t\t\t\t\t\t<div class=\"elementor-spacer\">\n\t\t\t<div class=\"elementor-spacer-inner\"><\/div>\n\t\t<\/div>\n\t\t\t\t\t\t<\/div>\n\t\t\t\t<\/div>\n\t\t\t\t\t<\/div>\n\t\t\t\t<\/div>\n\t\t\t\t<\/div>","protected":false},"excerpt":{"rendered":"<p>Book Your Appointment Show Your Inner Beauty with Professional Makeup at L&#8217;Essentiel \u00a0 Looking for professional makeup artist to enhance your natural beauty and make you feel confident for a special occasion or just for fun? L&#8217;Essentiel is your one-stop shop for flawless and personalized makeup looks. \u00a0 Our skilled and talented makeup artists will [&hellip;]<\/p>\n","protected":false},"author":6,"featured_media":0,"parent":2081,"menu_order":0,"comment_status":"closed","ping_status":"closed","template":"","meta":{"footnotes":""},"class_list":["post-2726","page","type-page","status-publish","hentry"],"_links":{"self":[{"href":"https:\/\/lessentielesthetique.ca\/fr\/wp-json\/wp\/v2\/pages\/2726","targetHints":{"allow":["GET"]}}],"collection":[{"href":"https:\/\/lessentielesthetique.ca\/fr\/wp-json\/wp\/v2\/pages"}],"about":[{"href":"https:\/\/lessentielesthetique.ca\/fr\/wp-json\/wp\/v2\/types\/page"}],"author":[{"embeddable":true,"href":"https:\/\/lessentielesthetique.ca\/fr\/wp-json\/wp\/v2\/users\/6"}],"replies":[{"embeddable":true,"href":"https:\/\/lessentielesthetique.ca\/fr\/wp-json\/wp\/v2\/comments?post=2726"}],"version-history":[{"count":7,"href":"https:\/\/lessentielesthetique.ca\/fr\/wp-json\/wp\/v2\/pages\/2726\/revisions"}],"predecessor-version":[{"id":3397,"href":"https:\/\/lessentielesthetique.ca\/fr\/wp-json\/wp\/v2\/pages\/2726\/revisions\/3397"}],"up":[{"embeddable":true,"href":"https:\/\/lessentielesthetique.ca\/fr\/wp-json\/wp\/v2\/pages\/2081"}],"wp:attachment":[{"href":"https:\/\/lessentielesthetique.ca\/fr\/wp-json\/wp\/v2\/media?parent=2726"}],"curies":[{"name":"wp","href":"https:\/\/api.w.org\/{rel}","templated":true}]}}