{"id":2722,"date":"2024-02-14T14:33:03","date_gmt":"2024-02-14T19:33:03","guid":{"rendered":"https:\/\/lessentielesthetique.ca\/?page_id=2722"},"modified":"2025-04-03T15:44:47","modified_gmt":"2025-04-03T19:44:47","slug":"microdermabrasion","status":"publish","type":"page","link":"https:\/\/lessentielesthetique.ca\/fr\/services\/microdermabrasion\/","title":{"rendered":"Microdermabrasion"},"content":{"rendered":"<div data-elementor-type=\"wp-page\" data-elementor-id=\"2722\" class=\"elementor elementor-2722\" data-elementor-post-type=\"page\">\n\t\t\t\t<div class=\"elementor-element elementor-element-51f0a389 e-ecs-flex e-flex e-con-boxed e-con e-parent\" data-id=\"51f0a389\" data-element_type=\"container\" data-e-type=\"container\" data-settings=\"{&quot;ecs_container_type&quot;:&quot;flex&quot;}\">\n\t\t\t\t\t<div class=\"e-con-inner\">\n\t\t\t\t<div class=\"elementor-element elementor-element-f877a22 elementor-widget elementor-widget-button\" data-id=\"f877a22\" data-element_type=\"widget\" data-e-type=\"widget\" data-widget_type=\"button.default\">\n\t\t\t\t<div class=\"elementor-widget-container\">\n\t\t\t\t\t\t\t\t\t<div class=\"elementor-button-wrapper\">\n\t\t\t\t\t<a class=\"elementor-button elementor-button-link elementor-size-sm\" href=\"https:\/\/book.squareup.com\/appointments\/3f7a317c-a749-4e84-ba0f-3df12052449a\/location\/BDBVFAZVJ3XEY\/services\/RPG5YUH2BBCWIYXX4SV5ZSY3\">\n\t\t\t\t\t\t<span class=\"elementor-button-content-wrapper\">\n\t\t\t\t\t\t\t\t\t<span class=\"elementor-button-text\">Prendre un rendez-vous<\/span>\n\t\t\t\t\t<\/span>\n\t\t\t\t\t<\/a>\n\t\t\t\t<\/div>\n\t\t\t\t\t\t\t\t<\/div>\n\t\t\t\t<\/div>\n\t\t\t\t<div class=\"elementor-element elementor-element-2d3cd8b1 elementor-widget elementor-widget-text-editor\" data-id=\"2d3cd8b1\" data-element_type=\"widget\" data-e-type=\"widget\" data-widget_type=\"text-editor.default\">\n\t\t\t\t<div class=\"elementor-widget-container\">\n\t\t\t\t\t\t\t\t\t\n<h2 class=\"wp-block-heading\">D\u00e9couvrez la Microdermabrasion pour une peau douce et \u00e9clatante \u00e0 L\u2019Essentiel Esth\u00e9tique<\/h2>\n\n<p>\u00a0<\/p>\n\n<p><strong>En qu\u00eate d\u2019un moyen efficace pour exfolier votre peau en profondeur et r\u00e9v\u00e9ler un teint plus clair et plus uniforme ?<\/strong> La microdermabrasion est la solution id\u00e9ale pour vous ! Cette technique esth\u00e9tique non invasive utilise un appareil sp\u00e9cialis\u00e9 pour \u00e9liminer d\u00e9licatement les couches superficielles de la peau, r\u00e9v\u00e9lant une peau plus jeune et plus radieuse.<\/p>\n\n<p>\u00a0<\/p>\n\n<p><strong>Comment fonctionne la microdermabrasion ?<\/strong><\/p>\n\n<p>La microdermabrasion utilise un appareil \u00e0 micro-cristaux ou \u00e0 pointe de diamant pour exfolier la peau de mani\u00e8re contr\u00f4l\u00e9e. Les micro-cristaux ou la pointe de diamant frottent doucement la surface de la peau, \u00e9liminant les cellules mortes, les d\u00e9bris et les impuret\u00e9s. Ce processus stimule \u00e9galement la production de collag\u00e8ne et d\u2019\u00e9lastine, les prot\u00e9ines essentielles \u00e0 une peau ferme et \u00e9lastique.<\/p>\n\n<p>\u00a0<\/p>\n\n<p><strong>Quels sont les avantages de la microdermabrasion ?<\/strong><\/p>\n\n<ul class=\"wp-block-list\">\n<li><strong>Exfoliation en profondeur:<\/strong>\u00a0La microdermabrasion \u00e9limine efficacement les cellules mortes de la peau, r\u00e9v\u00e9lant un teint plus clair et plus uniforme.<\/li>\n\n<li><strong>R\u00e9duction des rides et ridules:<\/strong>\u00a0La microdermabrasion stimule la production de collag\u00e8ne et d\u2019\u00e9lastine, ce qui peut aider \u00e0 att\u00e9nuer l\u2019apparence des rides et ridules.<\/li>\n\n<li><strong>Am\u00e9lioration de la texture et du teint de la peau:<\/strong>\u00a0La microdermabrasion affine le grain de peau, r\u00e9duit les pores dilat\u00e9s et donne \u00e0 votre teint un aspect plus lisse et plus lumineux.<\/li>\n\n<li><strong>Traitement de l\u2019hyperpigmentation:<\/strong>\u00a0La microdermabrasion peut aider \u00e0 r\u00e9duire les taches pigmentaires et \u00e0 \u00e9claircir le teint de la peau.<\/li>\n\n<li><strong>Stimulation de la circulation sanguine:<\/strong>\u00a0La microdermabrasion stimule la circulation sanguine, ce qui donne \u00e0 votre peau un aspect plus sain et plus \u00e9clatant.<\/li>\n<\/ul>\n\n<p>\u00a0<\/p>\n\n<p><strong>La microdermabrasion est une proc\u00e9dure s\u00fbre et efficace qui convient \u00e0 la plupart des types de peau.<\/strong> Les traitements sont g\u00e9n\u00e9ralement rapides et peu douloureux avec un temps de r\u00e9cup\u00e9ration minimal.<\/p>\n\n<p>\u00a0<\/p>\n\n<p><strong>L\u2019Essentiel Esth\u00e9tique propose des traitements de microdermabrasion personnalis\u00e9s pour r\u00e9pondre \u00e0 vos besoins sp\u00e9cifiques.<\/strong><\/p>\n\n<p><strong>Contactez-nous d\u00e8s aujourd\u2019hui pour r\u00e9server votre consultation gratuite et d\u00e9couvrir comment la microdermabrasion peut transformer votre peau!<\/strong><\/p>\n\t\t\t\t\t\t\t\t<\/div>\n\t\t\t\t<\/div>\n\t\t\t\t\t<\/div>\n\t\t\t\t<\/div>\n\t\t<div class=\"elementor-element elementor-element-2487d86 e-ecs-flex e-flex e-con-boxed e-con e-parent\" data-id=\"2487d86\" data-element_type=\"container\" data-e-type=\"container\" data-settings=\"{&quot;ecs_container_type&quot;:&quot;flex&quot;}\">\n\t\t\t\t\t<div class=\"e-con-inner\">\n\t\t\t\t<div class=\"elementor-element elementor-element-b1716ef elementor-widget elementor-widget-heading\" data-id=\"b1716ef\" data-element_type=\"widget\" data-e-type=\"widget\" data-widget_type=\"heading.default\">\n\t\t\t\t<div class=\"elementor-widget-container\">\n\t\t\t\t\t<h2 class=\"elementor-heading-title elementor-size-default\">Traitements de microdermabrasion<\/h2>\t\t\t\t<\/div>\n\t\t\t\t<\/div>\n\t\t\t\t\t<\/div>\n\t\t\t\t<\/div>\n\t\t<div class=\"elementor-element elementor-element-90b5456 e-ecs-flex e-flex e-con-boxed e-con e-parent\" data-id=\"90b5456\" data-element_type=\"container\" data-e-type=\"container\" data-settings=\"{&quot;ecs_container_type&quot;:&quot;flex&quot;}\">\n\t\t\t\t\t<div class=\"e-con-inner\">\n\t\t\t\t<div class=\"elementor-element elementor-element-08263a7 elementor-widget elementor-widget-gallery\" data-id=\"08263a7\" data-element_type=\"widget\" data-e-type=\"widget\" data-settings=\"{&quot;gallery_layout&quot;:&quot;masonry&quot;,&quot;lazyload&quot;:&quot;yes&quot;,&quot;columns&quot;:4,&quot;columns_tablet&quot;:2,&quot;columns_mobile&quot;:1,&quot;gap&quot;:{&quot;unit&quot;:&quot;px&quot;,&quot;size&quot;:10,&quot;sizes&quot;:[]},&quot;gap_tablet&quot;:{&quot;unit&quot;:&quot;px&quot;,&quot;size&quot;:10,&quot;sizes&quot;:[]},&quot;gap_mobile&quot;:{&quot;unit&quot;:&quot;px&quot;,&quot;size&quot;:10,&quot;sizes&quot;:[]},&quot;link_to&quot;:&quot;file&quot;,&quot;overlay_background&quot;:&quot;yes&quot;,&quot;content_hover_animation&quot;:&quot;fade-in&quot;}\" data-widget_type=\"gallery.default\">\n\t\t\t\t<div class=\"elementor-widget-container\">\n\t\t\t\t\t\t\t<div class=\"elementor-gallery__container\">\n\t\t\t\t\t\t\t<a class=\"e-gallery-item elementor-gallery-item elementor-animated-content\" href=\"https:\/\/lessentielesthetique.ca\/wp-content\/uploads\/2025\/04\/IMG_0771.jpg\" data-elementor-open-lightbox=\"yes\" data-elementor-lightbox-slideshow=\"08263a7\" data-elementor-lightbox-title=\"IMG_0771\" data-e-action-hash=\"#elementor-action%3Aaction%3Dlightbox%26settings%3DeyJpZCI6MzM3NywidXJsIjoiaHR0cHM6XC9cL2xlc3NlbnRpZWxlc3RoZXRpcXVlLmNhXC93cC1jb250ZW50XC91cGxvYWRzXC8yMDI1XC8wNFwvSU1HXzA3NzEuanBnIiwic2xpZGVzaG93IjoiMDgyNjNhNyJ9\">\n\t\t\t\t\t<div class=\"e-gallery-image elementor-gallery-item__image\" data-thumbnail=\"https:\/\/lessentielesthetique.ca\/wp-content\/uploads\/2025\/04\/IMG_0771-225x300.jpg\" data-width=\"225\" data-height=\"300\" aria-label=\"\" role=\"img\" ><\/div>\n\t\t\t\t\t\t\t\t\t\t\t<div class=\"elementor-gallery-item__overlay\"><\/div>\n\t\t\t\t\t\t\t\t\t\t\t\t\t\t<\/a>\n\t\t\t\t\t\t\t<a class=\"e-gallery-item elementor-gallery-item elementor-animated-content\" href=\"https:\/\/lessentielesthetique.ca\/wp-content\/uploads\/2025\/04\/IMG_3749-scaled.jpg\" data-elementor-open-lightbox=\"yes\" data-elementor-lightbox-slideshow=\"08263a7\" data-elementor-lightbox-title=\"IMG_3749\" data-e-action-hash=\"#elementor-action%3Aaction%3Dlightbox%26settings%3DeyJpZCI6MzM3OCwidXJsIjoiaHR0cHM6XC9cL2xlc3NlbnRpZWxlc3RoZXRpcXVlLmNhXC93cC1jb250ZW50XC91cGxvYWRzXC8yMDI1XC8wNFwvSU1HXzM3NDktc2NhbGVkLmpwZyIsInNsaWRlc2hvdyI6IjA4MjYzYTcifQ%3D%3D\">\n\t\t\t\t\t<div class=\"e-gallery-image elementor-gallery-item__image\" data-thumbnail=\"https:\/\/lessentielesthetique.ca\/wp-content\/uploads\/2025\/04\/IMG_3749-225x300.jpg\" data-width=\"225\" data-height=\"300\" aria-label=\"\" role=\"img\" ><\/div>\n\t\t\t\t\t\t\t\t\t\t\t<div class=\"elementor-gallery-item__overlay\"><\/div>\n\t\t\t\t\t\t\t\t\t\t\t\t\t\t<\/a>\n\t\t\t\t\t\t\t<a class=\"e-gallery-item elementor-gallery-item elementor-animated-content\" href=\"https:\/\/lessentielesthetique.ca\/wp-content\/uploads\/2025\/04\/IMG_3693-scaled.jpg\" data-elementor-open-lightbox=\"yes\" data-elementor-lightbox-slideshow=\"08263a7\" data-elementor-lightbox-title=\"IMG_3693\" data-e-action-hash=\"#elementor-action%3Aaction%3Dlightbox%26settings%3DeyJpZCI6MzM4MCwidXJsIjoiaHR0cHM6XC9cL2xlc3NlbnRpZWxlc3RoZXRpcXVlLmNhXC93cC1jb250ZW50XC91cGxvYWRzXC8yMDI1XC8wNFwvSU1HXzM2OTMtc2NhbGVkLmpwZyIsInNsaWRlc2hvdyI6IjA4MjYzYTcifQ%3D%3D\">\n\t\t\t\t\t<div class=\"e-gallery-image elementor-gallery-item__image\" data-thumbnail=\"https:\/\/lessentielesthetique.ca\/wp-content\/uploads\/2025\/04\/IMG_3693-225x300.jpg\" data-width=\"225\" data-height=\"300\" aria-label=\"\" role=\"img\" ><\/div>\n\t\t\t\t\t\t\t\t\t\t\t<div class=\"elementor-gallery-item__overlay\"><\/div>\n\t\t\t\t\t\t\t\t\t\t\t\t\t\t<\/a>\n\t\t\t\t\t\t\t<a class=\"e-gallery-item elementor-gallery-item elementor-animated-content\" href=\"https:\/\/lessentielesthetique.ca\/wp-content\/uploads\/2025\/03\/IMG_2607-scaled.jpg\" data-elementor-open-lightbox=\"yes\" data-elementor-lightbox-slideshow=\"08263a7\" data-elementor-lightbox-title=\"IMG_2607\" data-e-action-hash=\"#elementor-action%3Aaction%3Dlightbox%26settings%3DeyJpZCI6MzI4MywidXJsIjoiaHR0cHM6XC9cL2xlc3NlbnRpZWxlc3RoZXRpcXVlLmNhXC93cC1jb250ZW50XC91cGxvYWRzXC8yMDI1XC8wM1wvSU1HXzI2MDctc2NhbGVkLmpwZyIsInNsaWRlc2hvdyI6IjA4MjYzYTcifQ%3D%3D\">\n\t\t\t\t\t<div class=\"e-gallery-image elementor-gallery-item__image\" data-thumbnail=\"https:\/\/lessentielesthetique.ca\/wp-content\/uploads\/2025\/03\/IMG_2607-225x300.jpg\" data-width=\"225\" data-height=\"300\" aria-label=\"\" role=\"img\" ><\/div>\n\t\t\t\t\t\t\t\t\t\t\t<div class=\"elementor-gallery-item__overlay\"><\/div>\n\t\t\t\t\t\t\t\t\t\t\t\t\t\t<\/a>\n\t\t\t\t\t<\/div>\n\t\t\t\t\t<\/div>\n\t\t\t\t<\/div>\n\t\t\t\t\t<\/div>\n\t\t\t\t<\/div>\n\t\t<div class=\"elementor-element elementor-element-1843b6a e-ecs-flex e-flex e-con-boxed e-con e-parent\" data-id=\"1843b6a\" data-element_type=\"container\" data-e-type=\"container\" data-settings=\"{&quot;ecs_container_type&quot;:&quot;flex&quot;}\">\n\t\t\t\t\t<div class=\"e-con-inner\">\n\t\t\t\t<div class=\"elementor-element elementor-element-1476030 elementor-widget elementor-widget-spacer\" data-id=\"1476030\" data-element_type=\"widget\" data-e-type=\"widget\" data-widget_type=\"spacer.default\">\n\t\t\t\t<div class=\"elementor-widget-container\">\n\t\t\t\t\t\t\t<div class=\"elementor-spacer\">\n\t\t\t<div class=\"elementor-spacer-inner\"><\/div>\n\t\t<\/div>\n\t\t\t\t\t\t<\/div>\n\t\t\t\t<\/div>\n\t\t\t\t\t<\/div>\n\t\t\t\t<\/div>\n\t\t\t\t<\/div>","protected":false},"excerpt":{"rendered":"<p>Book Your Appointment Unveiling a Radiant You with Microdermabrasion at L&#8217;Essentiel \u00a0 Looking for an effective way to deeply exfoliate your skin and reveal a brighter, more even complexion? Look no further than microdermabrasion! This non-invasive aesthetic technique utilizes a specialized device to gently remove the surface layers of your skin, revealing a younger, more [&hellip;]<\/p>\n","protected":false},"author":6,"featured_media":0,"parent":2081,"menu_order":0,"comment_status":"closed","ping_status":"closed","template":"","meta":{"footnotes":""},"class_list":["post-2722","page","type-page","status-publish","hentry"],"_links":{"self":[{"href":"https:\/\/lessentielesthetique.ca\/fr\/wp-json\/wp\/v2\/pages\/2722","targetHints":{"allow":["GET"]}}],"collection":[{"href":"https:\/\/lessentielesthetique.ca\/fr\/wp-json\/wp\/v2\/pages"}],"about":[{"href":"https:\/\/lessentielesthetique.ca\/fr\/wp-json\/wp\/v2\/types\/page"}],"author":[{"embeddable":true,"href":"https:\/\/lessentielesthetique.ca\/fr\/wp-json\/wp\/v2\/users\/6"}],"replies":[{"embeddable":true,"href":"https:\/\/lessentielesthetique.ca\/fr\/wp-json\/wp\/v2\/comments?post=2722"}],"version-history":[{"count":8,"href":"https:\/\/lessentielesthetique.ca\/fr\/wp-json\/wp\/v2\/pages\/2722\/revisions"}],"predecessor-version":[{"id":3390,"href":"https:\/\/lessentielesthetique.ca\/fr\/wp-json\/wp\/v2\/pages\/2722\/revisions\/3390"}],"up":[{"embeddable":true,"href":"https:\/\/lessentielesthetique.ca\/fr\/wp-json\/wp\/v2\/pages\/2081"}],"wp:attachment":[{"href":"https:\/\/lessentielesthetique.ca\/fr\/wp-json\/wp\/v2\/media?parent=2722"}],"curies":[{"name":"wp","href":"https:\/\/api.w.org\/{rel}","templated":true}]}}