{"id":2718,"date":"2024-02-14T14:32:23","date_gmt":"2024-02-14T19:32:23","guid":{"rendered":"https:\/\/lessentielesthetique.ca\/?page_id=2718"},"modified":"2025-04-03T15:25:39","modified_gmt":"2025-04-03T19:25:39","slug":"microneedling","status":"publish","type":"page","link":"https:\/\/lessentielesthetique.ca\/fr\/services\/microneedling\/","title":{"rendered":"Microneedling"},"content":{"rendered":"<div data-elementor-type=\"wp-page\" data-elementor-id=\"2718\" class=\"elementor elementor-2718\" data-elementor-post-type=\"page\">\n\t\t\t\t<div class=\"elementor-element elementor-element-1d705536 e-ecs-flex e-flex e-con-boxed e-con e-parent\" data-id=\"1d705536\" data-element_type=\"container\" data-e-type=\"container\" data-settings=\"{&quot;ecs_container_type&quot;:&quot;flex&quot;}\">\n\t\t\t\t\t<div class=\"e-con-inner\">\n\t\t\t\t<div class=\"elementor-element elementor-element-85636cf elementor-widget elementor-widget-button\" data-id=\"85636cf\" data-element_type=\"widget\" data-e-type=\"widget\" data-widget_type=\"button.default\">\n\t\t\t\t<div class=\"elementor-widget-container\">\n\t\t\t\t\t\t\t\t\t<div class=\"elementor-button-wrapper\">\n\t\t\t\t\t<a class=\"elementor-button elementor-button-link elementor-size-sm\" href=\"https:\/\/book.squareup.com\/appointments\/3f7a317c-a749-4e84-ba0f-3df12052449a\/location\/BDBVFAZVJ3XEY\/services\/RPG5YUH2BBCWIYXX4SV5ZSY3\">\n\t\t\t\t\t\t<span class=\"elementor-button-content-wrapper\">\n\t\t\t\t\t\t\t\t\t<span class=\"elementor-button-text\">Prendre un rendez-vous<\/span>\n\t\t\t\t\t<\/span>\n\t\t\t\t\t<\/a>\n\t\t\t\t<\/div>\n\t\t\t\t\t\t\t\t<\/div>\n\t\t\t\t<\/div>\n\t\t\t\t<div class=\"elementor-element elementor-element-6ce4300 elementor-widget elementor-widget-text-editor\" data-id=\"6ce4300\" data-element_type=\"widget\" data-e-type=\"widget\" data-widget_type=\"text-editor.default\">\n\t\t\t\t<div class=\"elementor-widget-container\">\n\t\t\t\t\t\t\t\t\t\n<h2 class=\"wp-block-heading\">D\u00e9couvrez le Microneedling pour une peau rajeunie et \u00e9clatante \u00e0 L\u2019Essentiel Esth\u00e9tique<\/h2>\n\n<p>\u00a0<\/p>\n\n<p><strong>En qu\u00eate d\u2019une solution efficace pour rajeunir votre peau et att\u00e9nuer les signes du vieillissement ?<\/strong> Le microneedling est la r\u00e9ponse qu\u2019il vous faut ! Cette technique esth\u00e9tique r\u00e9volutionnaire stimule la production naturelle de collag\u00e8ne et d\u2019\u00e9lastine pour une peau plus ferme, plus lisse et plus \u00e9clatante.<\/p>\n\n<p>\u00a0<\/p>\n\n<p><strong>Comment fonctionne le microneedling ?<\/strong><\/p>\n\n<p>Le microneedling utilise un stylo \u00e0 micro-aiguilles st\u00e9riles pour cr\u00e9er de minuscules micro-canaux \u00e0 la surface de la peau. Ces micro-traumatismes contr\u00f4l\u00e9s d\u00e9clenchent un processus naturel de gu\u00e9rison, stimulant la production de collag\u00e8ne et d\u2019\u00e9lastine, les prot\u00e9ines essentielles \u00e0 une peau jeune et saine.<\/p>\n\n<p>\u00a0<\/p>\n\n<p><strong>Quels sont les avantages du microneedling ?<\/strong><\/p>\n\n<ul class=\"wp-block-list\">\n<li><strong>R\u00e9duction des rides et ridules:<\/strong>\u00a0Le microneedling lisse et repulpe la peau, att\u00e9nuant l\u2019apparence des rides et ridules.<\/li>\n\n<li><strong>Am\u00e9lioration de la texture et du teint de la peau:<\/strong>\u00a0Le microneedling affine le grain de peau, r\u00e9duit les pores dilat\u00e9s et donne \u00e0 votre teint un aspect plus uniforme et lumineux.<\/li>\n\n<li><strong>Att\u00e9nuation des cicatrices et des vergetures:<\/strong>\u00a0Le microneedling stimule la production de collag\u00e8ne, ce qui peut aider \u00e0 estomper les cicatrices d\u2019acn\u00e9, les vergetures et autres imperfections cutan\u00e9es.<\/li>\n\n<li><strong>Traitement de l\u2019hyperpigmentation:<\/strong>\u00a0Le microneedling peut aider \u00e0 r\u00e9duire les taches pigmentaires et \u00e0 \u00e9claircir le teint de la peau.<\/li>\n<\/ul>\n\n<p>\u00a0<\/p>\n\n<p><strong>Le microneedling est une proc\u00e9dure s\u00fbre et efficace qui convient \u00e0 la plupart des types de peau.<\/strong> Les traitements sont g\u00e9n\u00e9ralement rapides et peu douloureux avec un temps de r\u00e9cup\u00e9ration minimal.<\/p>\n\n<p>\u00a0<\/p>\n\n<p><strong>L\u2019Essentiel Esth\u00e9tique propose des traitements de microneedling personnalis\u00e9s pour r\u00e9pondre \u00e0 vos besoins sp\u00e9cifiques.<\/strong><\/p>\n\n<p><strong>Contactez-nous d\u00e8s aujourd\u2019hui pour r\u00e9server votre consultation gratuite et d\u00e9couvrir comment le microneedling peut transformer votre peau!<\/strong><\/p>\n\t\t\t\t\t\t\t\t<\/div>\n\t\t\t\t<\/div>\n\t\t\t\t\t<\/div>\n\t\t\t\t<\/div>\n\t\t<div class=\"elementor-element elementor-element-02f1632 e-ecs-flex e-flex e-con-boxed e-con e-parent\" data-id=\"02f1632\" data-element_type=\"container\" data-e-type=\"container\" data-settings=\"{&quot;ecs_container_type&quot;:&quot;flex&quot;}\">\n\t\t\t\t\t<div class=\"e-con-inner\">\n\t\t\t\t<div class=\"elementor-element elementor-element-e790abe elementor-widget elementor-widget-heading\" data-id=\"e790abe\" data-element_type=\"widget\" data-e-type=\"widget\" data-widget_type=\"heading.default\">\n\t\t\t\t<div class=\"elementor-widget-container\">\n\t\t\t\t\t<h2 class=\"elementor-heading-title elementor-size-default\">Traitements de microneedling<\/h2>\t\t\t\t<\/div>\n\t\t\t\t<\/div>\n\t\t\t\t\t<\/div>\n\t\t\t\t<\/div>\n\t\t<div class=\"elementor-element elementor-element-7adc409 e-ecs-flex e-flex e-con-boxed e-con e-parent\" data-id=\"7adc409\" data-element_type=\"container\" data-e-type=\"container\" data-settings=\"{&quot;ecs_container_type&quot;:&quot;flex&quot;}\">\n\t\t\t\t\t<div class=\"e-con-inner\">\n\t\t\t\t<div class=\"elementor-element elementor-element-e6ce285 elementor-widget elementor-widget-gallery\" data-id=\"e6ce285\" data-element_type=\"widget\" data-e-type=\"widget\" data-settings=\"{&quot;gallery_layout&quot;:&quot;masonry&quot;,&quot;lazyload&quot;:&quot;yes&quot;,&quot;columns&quot;:4,&quot;columns_tablet&quot;:2,&quot;columns_mobile&quot;:1,&quot;gap&quot;:{&quot;unit&quot;:&quot;px&quot;,&quot;size&quot;:10,&quot;sizes&quot;:[]},&quot;gap_tablet&quot;:{&quot;unit&quot;:&quot;px&quot;,&quot;size&quot;:10,&quot;sizes&quot;:[]},&quot;gap_mobile&quot;:{&quot;unit&quot;:&quot;px&quot;,&quot;size&quot;:10,&quot;sizes&quot;:[]},&quot;link_to&quot;:&quot;file&quot;,&quot;overlay_background&quot;:&quot;yes&quot;,&quot;content_hover_animation&quot;:&quot;fade-in&quot;}\" data-widget_type=\"gallery.default\">\n\t\t\t\t<div class=\"elementor-widget-container\">\n\t\t\t\t\t\t\t<div class=\"elementor-gallery__container\">\n\t\t\t\t\t\t\t<a class=\"e-gallery-item elementor-gallery-item elementor-animated-content\" href=\"https:\/\/lessentielesthetique.ca\/wp-content\/uploads\/2025\/04\/IMG_0662.jpg\" data-elementor-open-lightbox=\"yes\" data-elementor-lightbox-slideshow=\"e6ce285\" data-elementor-lightbox-title=\"IMG_0662\" data-e-action-hash=\"#elementor-action%3Aaction%3Dlightbox%26settings%3DeyJpZCI6MzM1OCwidXJsIjoiaHR0cHM6XC9cL2xlc3NlbnRpZWxlc3RoZXRpcXVlLmNhXC93cC1jb250ZW50XC91cGxvYWRzXC8yMDI1XC8wNFwvSU1HXzA2NjIuanBnIiwic2xpZGVzaG93IjoiZTZjZTI4NSJ9\">\n\t\t\t\t\t<div class=\"e-gallery-image elementor-gallery-item__image\" data-thumbnail=\"https:\/\/lessentielesthetique.ca\/wp-content\/uploads\/2025\/04\/IMG_0662-185x300.jpg\" data-width=\"185\" data-height=\"300\" aria-label=\"\" role=\"img\" ><\/div>\n\t\t\t\t\t\t\t\t\t\t\t<div class=\"elementor-gallery-item__overlay\"><\/div>\n\t\t\t\t\t\t\t\t\t\t\t\t\t\t<\/a>\n\t\t\t\t\t<\/div>\n\t\t\t\t\t<\/div>\n\t\t\t\t<\/div>\n\t\t\t\t\t<\/div>\n\t\t\t\t<\/div>\n\t\t<div class=\"elementor-element elementor-element-5c3f259 e-ecs-flex e-flex e-con-boxed e-con e-parent\" data-id=\"5c3f259\" data-element_type=\"container\" data-e-type=\"container\" data-settings=\"{&quot;ecs_container_type&quot;:&quot;flex&quot;}\">\n\t\t\t\t\t<div class=\"e-con-inner\">\n\t\t\t\t<div class=\"elementor-element elementor-element-7c99059 elementor-widget elementor-widget-spacer\" data-id=\"7c99059\" data-element_type=\"widget\" data-e-type=\"widget\" data-widget_type=\"spacer.default\">\n\t\t\t\t<div class=\"elementor-widget-container\">\n\t\t\t\t\t\t\t<div class=\"elementor-spacer\">\n\t\t\t<div class=\"elementor-spacer-inner\"><\/div>\n\t\t<\/div>\n\t\t\t\t\t\t<\/div>\n\t\t\t\t<\/div>\n\t\t\t\t\t<\/div>\n\t\t\t\t<\/div>\n\t\t\t\t<\/div>","protected":false},"excerpt":{"rendered":"<p>Book Your Appointment Discover Microneedling for a Younger, Glowing You at L&#8217;Essentiel Esth\u00e9tique \u00a0 Looking for an effective way to rejuvenate your skin and diminish the signs of aging? Microneedling is your answer! This revolutionary aesthetic technique stimulates the natural production of collagen and elastin for firmer, smoother, and more radiant skin. \u00a0 How Does [&hellip;]<\/p>\n","protected":false},"author":6,"featured_media":0,"parent":2081,"menu_order":0,"comment_status":"closed","ping_status":"closed","template":"","meta":{"footnotes":""},"class_list":["post-2718","page","type-page","status-publish","hentry"],"_links":{"self":[{"href":"https:\/\/lessentielesthetique.ca\/fr\/wp-json\/wp\/v2\/pages\/2718","targetHints":{"allow":["GET"]}}],"collection":[{"href":"https:\/\/lessentielesthetique.ca\/fr\/wp-json\/wp\/v2\/pages"}],"about":[{"href":"https:\/\/lessentielesthetique.ca\/fr\/wp-json\/wp\/v2\/types\/page"}],"author":[{"embeddable":true,"href":"https:\/\/lessentielesthetique.ca\/fr\/wp-json\/wp\/v2\/users\/6"}],"replies":[{"embeddable":true,"href":"https:\/\/lessentielesthetique.ca\/fr\/wp-json\/wp\/v2\/comments?post=2718"}],"version-history":[{"count":11,"href":"https:\/\/lessentielesthetique.ca\/fr\/wp-json\/wp\/v2\/pages\/2718\/revisions"}],"predecessor-version":[{"id":3371,"href":"https:\/\/lessentielesthetique.ca\/fr\/wp-json\/wp\/v2\/pages\/2718\/revisions\/3371"}],"up":[{"embeddable":true,"href":"https:\/\/lessentielesthetique.ca\/fr\/wp-json\/wp\/v2\/pages\/2081"}],"wp:attachment":[{"href":"https:\/\/lessentielesthetique.ca\/fr\/wp-json\/wp\/v2\/media?parent=2718"}],"curies":[{"name":"wp","href":"https:\/\/api.w.org\/{rel}","templated":true}]}}