{"id":2714,"date":"2024-02-14T14:31:47","date_gmt":"2024-02-14T19:31:47","guid":{"rendered":"https:\/\/lessentielesthetique.ca\/?page_id=2714"},"modified":"2025-04-03T15:10:13","modified_gmt":"2025-04-03T19:10:13","slug":"massage-therapy","status":"publish","type":"page","link":"https:\/\/lessentielesthetique.ca\/fr\/services\/massage-therapy\/","title":{"rendered":"Massoth\u00e9rapie"},"content":{"rendered":"<div data-elementor-type=\"wp-page\" data-elementor-id=\"2714\" class=\"elementor elementor-2714\" data-elementor-post-type=\"page\">\n\t\t\t\t<div class=\"elementor-element elementor-element-386c4911 e-ecs-flex e-flex e-con-boxed e-con e-parent\" data-id=\"386c4911\" data-element_type=\"container\" data-e-type=\"container\" data-settings=\"{&quot;ecs_container_type&quot;:&quot;flex&quot;}\">\n\t\t\t\t\t<div class=\"e-con-inner\">\n\t\t\t\t<div class=\"elementor-element elementor-element-ecbe487 elementor-widget elementor-widget-heading\" data-id=\"ecbe487\" data-element_type=\"widget\" data-e-type=\"widget\" data-widget_type=\"heading.default\">\n\t\t\t\t<div class=\"elementor-widget-container\">\n\t\t\t\t\t<h2 class=\"elementor-heading-title elementor-size-default\">Prendre un rendez-vous<\/h2>\t\t\t\t<\/div>\n\t\t\t\t<\/div>\n\t\t<div class=\"elementor-element elementor-element-a3b61ec e-grid e-con-full e-ecs-flex e-con e-child\" data-id=\"a3b61ec\" data-element_type=\"container\" data-e-type=\"container\" data-settings=\"{&quot;ecs_container_type&quot;:&quot;flex&quot;}\">\n\t\t\t\t<div class=\"elementor-element elementor-element-ebf2e4f elementor-align-center elementor-widget elementor-widget-button\" data-id=\"ebf2e4f\" data-element_type=\"widget\" data-e-type=\"widget\" data-widget_type=\"button.default\">\n\t\t\t\t<div class=\"elementor-widget-container\">\n\t\t\t\t\t\t\t\t\t<div class=\"elementor-button-wrapper\">\n\t\t\t\t\t<a class=\"elementor-button elementor-button-link elementor-size-sm\" href=\"https:\/\/book.squareup.com\/appointments\/3f7a317c-a749-4e84-ba0f-3df12052449a\/location\/BDBVFAZVJ3XEY\/services\/BTUCCENS7EDSWULVX5EJFICS\">\n\t\t\t\t\t\t<span class=\"elementor-button-content-wrapper\">\n\t\t\t\t\t\t\t\t\t<span class=\"elementor-button-text\">Massoth\u00e9rapie<\/span>\n\t\t\t\t\t<\/span>\n\t\t\t\t\t<\/a>\n\t\t\t\t<\/div>\n\t\t\t\t\t\t\t\t<\/div>\n\t\t\t\t<\/div>\n\t\t\t\t<div class=\"elementor-element elementor-element-0ae5083 elementor-align-center elementor-widget elementor-widget-button\" data-id=\"0ae5083\" data-element_type=\"widget\" data-e-type=\"widget\" data-widget_type=\"button.default\">\n\t\t\t\t<div class=\"elementor-widget-container\">\n\t\t\t\t\t\t\t\t\t<div class=\"elementor-button-wrapper\">\n\t\t\t\t\t<a class=\"elementor-button elementor-button-link elementor-size-sm\" href=\"https:\/\/book.squareup.com\/appointments\/3f7a317c-a749-4e84-ba0f-3df12052449a\/location\/BDBVFAZVJ3XEY\/services\/DK7RKDY2XANLDMQFROFWDEWX\">\n\t\t\t\t\t\t<span class=\"elementor-button-content-wrapper\">\n\t\t\t\t\t\t\t\t\t<span class=\"elementor-button-text\">Massage des mains et pieds<\/span>\n\t\t\t\t\t<\/span>\n\t\t\t\t\t<\/a>\n\t\t\t\t<\/div>\n\t\t\t\t\t\t\t\t<\/div>\n\t\t\t\t<\/div>\n\t\t\t\t<div class=\"elementor-element elementor-element-e7e2900 elementor-align-center elementor-widget elementor-widget-button\" data-id=\"e7e2900\" data-element_type=\"widget\" data-e-type=\"widget\" data-widget_type=\"button.default\">\n\t\t\t\t<div class=\"elementor-widget-container\">\n\t\t\t\t\t\t\t\t\t<div class=\"elementor-button-wrapper\">\n\t\t\t\t\t<a class=\"elementor-button elementor-button-link elementor-size-sm\" href=\"https:\/\/book.squareup.com\/appointments\/3f7a317c-a749-4e84-ba0f-3df12052449a\/location\/BDBVFAZVJ3XEY\/services\/FJKI2ZDNGFCLWOUKCY42VHWU\">\n\t\t\t\t\t\t<span class=\"elementor-button-content-wrapper\">\n\t\t\t\t\t\t\t\t\t<span class=\"elementor-button-text\">Massage de relaxation Su\u00e8dois<\/span>\n\t\t\t\t\t<\/span>\n\t\t\t\t\t<\/a>\n\t\t\t\t<\/div>\n\t\t\t\t\t\t\t\t<\/div>\n\t\t\t\t<\/div>\n\t\t\t\t<\/div>\n\t\t\t\t<div class=\"elementor-element elementor-element-30eec73a elementor-widget elementor-widget-text-editor\" data-id=\"30eec73a\" data-element_type=\"widget\" data-e-type=\"widget\" data-widget_type=\"text-editor.default\">\n\t\t\t\t<div class=\"elementor-widget-container\">\n\t\t\t\t\t\t\t\t\t\n<h2 class=\"wp-block-heading\">D\u00e9couvrez les bienfaits de la massoth\u00e9rapie \u00e0 L\u2019Essentiel Esth\u00e9tique<\/h2>\n\n<p>\u00a0<\/p>\n\n<p><strong>Offrez-vous un moment de d\u00e9tente et de bien-\u00eatre absolu avec un massage sur mesure \u00e0 L\u2019Essentiel Esth\u00e9tique.<\/strong><\/p>\n\n<p>La massoth\u00e9rapie est une pratique ancestrale qui vise \u00e0 am\u00e9liorer le bien-\u00eatre physique et mental par la manipulation des muscles et des tissus mous.<\/p>\n\n<p>\u00a0<\/p>\n\n<p><strong>Quels sont les bienfaits de la massoth\u00e9rapie ?<\/strong><\/p>\n\n<ul class=\"wp-block-list\">\n<li><strong>R\u00e9duction du stress et de l\u2019anxi\u00e9t\u00e9:<\/strong>\u00a0Le massage stimule la production d\u2019hormones relaxantes comme l\u2019endorphine et la s\u00e9rotonine, qui apaisent le corps et l\u2019esprit.<\/li>\n\n<li><strong>Soulagement de la douleur:<\/strong>\u00a0Le massage aide \u00e0 d\u00e9tendre les muscles tendus et douloureux, favorisant ainsi la circulation sanguine et lymphatique.<\/li>\n\n<li><strong>Am\u00e9lioration de la flexibilit\u00e9 et de l\u2019amplitude des mouvements:<\/strong>\u00a0Le massage assouplit les muscles et les articulations, augmentant ainsi votre amplitude de mouvement.<\/li>\n\n<li><strong>Stimulation du syst\u00e8me immunitaire:<\/strong>\u00a0Le massage renforce le syst\u00e8me immunitaire en augmentant la circulation des globules blancs.<\/li>\n\n<li><strong>Am\u00e9lioration de la qualit\u00e9 du sommeil:<\/strong>\u00a0Le massage favorise un sommeil plus profond et plus r\u00e9parateur.<\/li>\n<\/ul>\n\n<p>\u00a0<\/p>\n\n<p><strong>L\u2019Essentiel Esth\u00e9tique propose une vari\u00e9t\u00e9 de massages pour r\u00e9pondre \u00e0 vos besoins sp\u00e9cifiques.<\/strong><\/p>\n\n<p><strong>Quel que soit votre besoin, notre \u00e9quipe saura vous proposer le massage id\u00e9al pour vous aider \u00e0 atteindre un \u00e9tat de bien-\u00eatre optimal.<\/strong><\/p>\n\n<p>\u00a0<\/p>\n\n<p><strong>Contactez-nous d\u00e8s aujourd\u2019hui pour r\u00e9server votre massage et d\u00e9couvrir les nombreux bienfaits de la massoth\u00e9rapie !<\/strong><\/p>\n\t\t\t\t\t\t\t\t<\/div>\n\t\t\t\t<\/div>\n\t\t\t\t\t<\/div>\n\t\t\t\t<\/div>\n\t\t<div class=\"elementor-element elementor-element-3093c75 e-ecs-flex e-flex e-con-boxed e-con e-parent\" data-id=\"3093c75\" data-element_type=\"container\" data-e-type=\"container\" data-settings=\"{&quot;ecs_container_type&quot;:&quot;flex&quot;}\">\n\t\t\t\t\t<div class=\"e-con-inner\">\n\t\t\t\t<div class=\"elementor-element elementor-element-c11932a elementor-widget elementor-widget-heading\" data-id=\"c11932a\" data-element_type=\"widget\" data-e-type=\"widget\" data-widget_type=\"heading.default\">\n\t\t\t\t<div class=\"elementor-widget-container\">\n\t\t\t\t\t<h2 class=\"elementor-heading-title elementor-size-default\">Traitements de massoth\u00e9rapie<\/h2>\t\t\t\t<\/div>\n\t\t\t\t<\/div>\n\t\t\t\t\t<\/div>\n\t\t\t\t<\/div>\n\t\t<div class=\"elementor-element elementor-element-6097356 e-ecs-flex e-flex e-con-boxed e-con e-parent\" data-id=\"6097356\" data-element_type=\"container\" data-e-type=\"container\" data-settings=\"{&quot;ecs_container_type&quot;:&quot;flex&quot;}\">\n\t\t\t\t\t<div class=\"e-con-inner\">\n\t\t\t\t<div class=\"elementor-element elementor-element-085297b elementor-widget elementor-widget-gallery\" data-id=\"085297b\" data-element_type=\"widget\" data-e-type=\"widget\" data-settings=\"{&quot;gallery_layout&quot;:&quot;masonry&quot;,&quot;lazyload&quot;:&quot;yes&quot;,&quot;columns&quot;:4,&quot;columns_tablet&quot;:2,&quot;columns_mobile&quot;:1,&quot;gap&quot;:{&quot;unit&quot;:&quot;px&quot;,&quot;size&quot;:10,&quot;sizes&quot;:[]},&quot;gap_tablet&quot;:{&quot;unit&quot;:&quot;px&quot;,&quot;size&quot;:10,&quot;sizes&quot;:[]},&quot;gap_mobile&quot;:{&quot;unit&quot;:&quot;px&quot;,&quot;size&quot;:10,&quot;sizes&quot;:[]},&quot;link_to&quot;:&quot;file&quot;,&quot;overlay_background&quot;:&quot;yes&quot;,&quot;content_hover_animation&quot;:&quot;fade-in&quot;}\" data-widget_type=\"gallery.default\">\n\t\t\t\t<div class=\"elementor-widget-container\">\n\t\t\t\t\t\t\t<div class=\"elementor-gallery__container\">\n\t\t\t\t\t\t\t<a class=\"e-gallery-item elementor-gallery-item elementor-animated-content\" href=\"https:\/\/lessentielesthetique.ca\/wp-content\/uploads\/2023\/11\/focus-2.jpg\" data-elementor-open-lightbox=\"yes\" data-elementor-lightbox-slideshow=\"085297b\" data-elementor-lightbox-title=\"focus-2\" data-e-action-hash=\"#elementor-action%3Aaction%3Dlightbox%26settings%3DeyJpZCI6MTQ0LCJ1cmwiOiJodHRwczpcL1wvbGVzc2VudGllbGVzdGhldGlxdWUuY2FcL3dwLWNvbnRlbnRcL3VwbG9hZHNcLzIwMjNcLzExXC9mb2N1cy0yLmpwZyIsInNsaWRlc2hvdyI6IjA4NTI5N2IifQ%3D%3D\">\n\t\t\t\t\t<div class=\"e-gallery-image elementor-gallery-item__image\" data-thumbnail=\"https:\/\/lessentielesthetique.ca\/wp-content\/uploads\/2023\/11\/focus-2-300x300.jpg\" data-width=\"300\" data-height=\"300\" aria-label=\"\" role=\"img\" ><\/div>\n\t\t\t\t\t\t\t\t\t\t\t<div class=\"elementor-gallery-item__overlay\"><\/div>\n\t\t\t\t\t\t\t\t\t\t\t\t\t\t<\/a>\n\t\t\t\t\t\t\t<a class=\"e-gallery-item elementor-gallery-item elementor-animated-content\" href=\"https:\/\/lessentielesthetique.ca\/wp-content\/uploads\/2023\/11\/parallax-9-1.jpg\" data-elementor-open-lightbox=\"yes\" data-elementor-lightbox-slideshow=\"085297b\" data-elementor-lightbox-title=\"parallax-9 (1)\" data-e-action-hash=\"#elementor-action%3Aaction%3Dlightbox%26settings%3DeyJpZCI6NzU3LCJ1cmwiOiJodHRwczpcL1wvbGVzc2VudGllbGVzdGhldGlxdWUuY2FcL3dwLWNvbnRlbnRcL3VwbG9hZHNcLzIwMjNcLzExXC9wYXJhbGxheC05LTEuanBnIiwic2xpZGVzaG93IjoiMDg1Mjk3YiJ9\">\n\t\t\t\t\t<div class=\"e-gallery-image elementor-gallery-item__image\" data-thumbnail=\"https:\/\/lessentielesthetique.ca\/wp-content\/uploads\/2023\/11\/parallax-9-1-300x164.jpg\" data-width=\"300\" data-height=\"164\" aria-label=\"\" role=\"img\" ><\/div>\n\t\t\t\t\t\t\t\t\t\t\t<div class=\"elementor-gallery-item__overlay\"><\/div>\n\t\t\t\t\t\t\t\t\t\t\t\t\t\t<\/a>\n\t\t\t\t\t<\/div>\n\t\t\t\t\t<\/div>\n\t\t\t\t<\/div>\n\t\t\t\t\t<\/div>\n\t\t\t\t<\/div>\n\t\t<div class=\"elementor-element elementor-element-7227e70 e-ecs-flex e-flex e-con-boxed e-con e-parent\" data-id=\"7227e70\" data-element_type=\"container\" data-e-type=\"container\" data-settings=\"{&quot;ecs_container_type&quot;:&quot;flex&quot;}\">\n\t\t\t\t\t<div class=\"e-con-inner\">\n\t\t\t\t<div class=\"elementor-element elementor-element-99579aa elementor-widget elementor-widget-spacer\" data-id=\"99579aa\" data-element_type=\"widget\" data-e-type=\"widget\" data-widget_type=\"spacer.default\">\n\t\t\t\t<div class=\"elementor-widget-container\">\n\t\t\t\t\t\t\t<div class=\"elementor-spacer\">\n\t\t\t<div class=\"elementor-spacer-inner\"><\/div>\n\t\t<\/div>\n\t\t\t\t\t\t<\/div>\n\t\t\t\t<\/div>\n\t\t\t\t\t<\/div>\n\t\t\t\t<\/div>\n\t\t\t\t<\/div>","protected":false},"excerpt":{"rendered":"<p>Book Your Appointment Therapeutic Massage Hands and Feet Massage Swedish Relaxation Massage Discover the Rejuvenating Power of Massage Therapy at L&#8217;Essentiel Esth\u00e9tique \u00a0 Indulge in a moment of pure relaxation and well-being with a customized massage at L&#8217;Essentiel Esth\u00e9tique. Massage therapy is an ancient practice that aims to improve your physical and mental well-being through [&hellip;]<\/p>\n","protected":false},"author":6,"featured_media":0,"parent":2081,"menu_order":0,"comment_status":"closed","ping_status":"closed","template":"","meta":{"footnotes":""},"class_list":["post-2714","page","type-page","status-publish","hentry"],"_links":{"self":[{"href":"https:\/\/lessentielesthetique.ca\/fr\/wp-json\/wp\/v2\/pages\/2714","targetHints":{"allow":["GET"]}}],"collection":[{"href":"https:\/\/lessentielesthetique.ca\/fr\/wp-json\/wp\/v2\/pages"}],"about":[{"href":"https:\/\/lessentielesthetique.ca\/fr\/wp-json\/wp\/v2\/types\/page"}],"author":[{"embeddable":true,"href":"https:\/\/lessentielesthetique.ca\/fr\/wp-json\/wp\/v2\/users\/6"}],"replies":[{"embeddable":true,"href":"https:\/\/lessentielesthetique.ca\/fr\/wp-json\/wp\/v2\/comments?post=2714"}],"version-history":[{"count":6,"href":"https:\/\/lessentielesthetique.ca\/fr\/wp-json\/wp\/v2\/pages\/2714\/revisions"}],"predecessor-version":[{"id":3357,"href":"https:\/\/lessentielesthetique.ca\/fr\/wp-json\/wp\/v2\/pages\/2714\/revisions\/3357"}],"up":[{"embeddable":true,"href":"https:\/\/lessentielesthetique.ca\/fr\/wp-json\/wp\/v2\/pages\/2081"}],"wp:attachment":[{"href":"https:\/\/lessentielesthetique.ca\/fr\/wp-json\/wp\/v2\/media?parent=2714"}],"curies":[{"name":"wp","href":"https:\/\/api.w.org\/{rel}","templated":true}]}}