{"id":2710,"date":"2024-02-14T14:31:11","date_gmt":"2024-02-14T19:31:11","guid":{"rendered":"https:\/\/lessentielesthetique.ca\/?page_id=2710"},"modified":"2025-04-03T16:27:57","modified_gmt":"2025-04-03T20:27:57","slug":"ideal-protein","status":"publish","type":"page","link":"https:\/\/lessentielesthetique.ca\/fr\/services\/ideal-protein\/","title":{"rendered":"Ideal Protein"},"content":{"rendered":"<div data-elementor-type=\"wp-page\" data-elementor-id=\"2710\" class=\"elementor elementor-2710\" data-elementor-post-type=\"page\">\n\t\t\t\t<div class=\"elementor-element elementor-element-851bf38 e-ecs-flex e-flex e-con-boxed e-con e-parent\" data-id=\"851bf38\" data-element_type=\"container\" data-e-type=\"container\" data-settings=\"{&quot;ecs_container_type&quot;:&quot;flex&quot;}\">\n\t\t\t\t\t<div class=\"e-con-inner\">\n\t\t\t\t<div class=\"elementor-element elementor-element-987df11 elementor-widget elementor-widget-button\" data-id=\"987df11\" data-element_type=\"widget\" data-e-type=\"widget\" data-widget_type=\"button.default\">\n\t\t\t\t<div class=\"elementor-widget-container\">\n\t\t\t\t\t\t\t\t\t<div class=\"elementor-button-wrapper\">\n\t\t\t\t\t<a class=\"elementor-button elementor-button-link elementor-size-sm\" href=\"https:\/\/book.squareup.com\/appointments\/3f7a317c-a749-4e84-ba0f-3df12052449a\/location\/BDBVFAZVJ3XEY\/services\/D7CK22TXOZJZSZIEZDTNDL7L\">\n\t\t\t\t\t\t<span class=\"elementor-button-content-wrapper\">\n\t\t\t\t\t\t\t\t\t<span class=\"elementor-button-text\">R\u00e9server une consultation<\/span>\n\t\t\t\t\t<\/span>\n\t\t\t\t\t<\/a>\n\t\t\t\t<\/div>\n\t\t\t\t\t\t\t\t<\/div>\n\t\t\t\t<\/div>\n\t\t\t\t<div class=\"elementor-element elementor-element-26dccb68 elementor-widget elementor-widget-text-editor\" data-id=\"26dccb68\" data-element_type=\"widget\" data-e-type=\"widget\" data-widget_type=\"text-editor.default\">\n\t\t\t\t<div class=\"elementor-widget-container\">\n\t\t\t\t\t\t\t\t\t\n<h2 class=\"wp-block-heading\">D\u00e9couvrez Ideal Protein : Perdez du poids durablement et sainement chez L\u2019Essentiel!<\/h2>\n\n<p><strong>En qu\u00eate d\u2019une m\u00e9thode de perte de poids efficace et durable qui vous aide \u00e0 adopter un mode de vie sain ?<\/strong> Ideal Protein est la solution id\u00e9ale pour vous ! Ce protocole con\u00e7u vous permet d\u2019atteindre vos objectifs de poids tout en pr\u00e9servant votre masse musculaire et en am\u00e9liorant votre sant\u00e9 globale.<\/p>\n\n<p>\u00a0<\/p>\n\n<p><strong>Comment fonctionne Ideal Protein ?<\/strong><\/p>\n\n<p>Le protocole Ideal Protein se d\u00e9roule en trois phases distinctes :<\/p>\n\t\t\t\t\t\t\t\t<\/div>\n\t\t\t\t<\/div>\n\t\t\t\t\t<\/div>\n\t\t\t\t<\/div>\n\t\t<div class=\"elementor-element elementor-element-6bf4304 e-grid e-ecs-flex e-con-boxed e-con e-parent\" data-id=\"6bf4304\" data-element_type=\"container\" data-e-type=\"container\" data-settings=\"{&quot;ecs_container_type&quot;:&quot;flex&quot;}\">\n\t\t\t\t\t<div class=\"e-con-inner\">\n\t\t\t\t<div class=\"elementor-element elementor-element-2f9fdec elementor-widget elementor-widget-heading\" data-id=\"2f9fdec\" data-element_type=\"widget\" data-e-type=\"widget\" data-widget_type=\"heading.default\">\n\t\t\t\t<div class=\"elementor-widget-container\">\n\t\t\t\t\t<h2 class=\"elementor-heading-title elementor-size-default\">Phase 1 : Perte de poids active<\/h2>\t\t\t\t<\/div>\n\t\t\t\t<\/div>\n\t\t\t\t<div class=\"elementor-element elementor-element-bd3f2ea elementor-widget elementor-widget-text-editor\" data-id=\"bd3f2ea\" data-element_type=\"widget\" data-e-type=\"widget\" data-widget_type=\"text-editor.default\">\n\t\t\t\t<div class=\"elementor-widget-container\">\n\t\t\t\t\t\t\t\t\t<ul>\n<li>Cette phase dure g\u00e9n\u00e9ralement deux semaines et implique la consommation exclusive de produits Ideal Protein hypocaloriques et riches en prot\u00e9ines.<\/li>\n<!-- \/wp:list-item --><!-- wp:list-item -->\n<li>Votre corps entre en \u00e9tat de c\u00e9tose, br\u00fblant des graisses pour produire de l\u2019\u00e9nergie au lieu des glucides.<\/li>\n<!-- \/wp:list-item --><!-- wp:list-item -->\n<li>Vous perdez du poids rapidement tout en pr\u00e9servant votre masse musculaire.<\/li>\n<!-- \/wp:list-item --><\/ul>\n<p><!-- \/wp:list --><!-- wp:paragraph --><\/p>\t\t\t\t\t\t\t\t<\/div>\n\t\t\t\t<\/div>\n\t\t\t\t<div class=\"elementor-element elementor-element-b94ac20 elementor-widget elementor-widget-heading\" data-id=\"b94ac20\" data-element_type=\"widget\" data-e-type=\"widget\" data-widget_type=\"heading.default\">\n\t\t\t\t<div class=\"elementor-widget-container\">\n\t\t\t\t\t<h2 class=\"elementor-heading-title elementor-size-default\">Phase 2 : Stabilisation du poids<\/h2>\t\t\t\t<\/div>\n\t\t\t\t<\/div>\n\t\t\t\t<div class=\"elementor-element elementor-element-c022fc1 elementor-widget elementor-widget-text-editor\" data-id=\"c022fc1\" data-element_type=\"widget\" data-e-type=\"widget\" data-widget_type=\"text-editor.default\">\n\t\t\t\t<div class=\"elementor-widget-container\">\n\t\t\t\t\t\t\t\t\t<ul>\n<li>Au cours de cette phase, vous r\u00e9introduisez graduellement des aliments sains et \u00e9quilibr\u00e9s \u00e0 votre alimentation tout en continuant \u00e0 consommer des produits Ideal Protein.<\/li>\n<!-- \/wp:list-item --><!-- wp:list-item -->\n<li>Vous apprenez \u00e0 faire des choix alimentaires sains et durables.<\/li>\n<!-- \/wp:list-item --><!-- wp:list-item -->\n<li>Vous continuez \u00e0 perdre du poids de mani\u00e8re constante.<\/li>\n<\/ul>\t\t\t\t\t\t\t\t<\/div>\n\t\t\t\t<\/div>\n\t\t\t\t<div class=\"elementor-element elementor-element-f8a367b elementor-widget elementor-widget-heading\" data-id=\"f8a367b\" data-element_type=\"widget\" data-e-type=\"widget\" data-widget_type=\"heading.default\">\n\t\t\t\t<div class=\"elementor-widget-container\">\n\t\t\t\t\t<h2 class=\"elementor-heading-title elementor-size-default\">Phase 3 : Maintenance du poids<\/h2>\t\t\t\t<\/div>\n\t\t\t\t<\/div>\n\t\t\t\t<div class=\"elementor-element elementor-element-8a22644 elementor-widget elementor-widget-text-editor\" data-id=\"8a22644\" data-element_type=\"widget\" data-e-type=\"widget\" data-widget_type=\"text-editor.default\">\n\t\t\t\t<div class=\"elementor-widget-container\">\n\t\t\t\t\t\t\t\t\t<ul>\n<li>Cette phase vise \u00e0 maintenir votre poids et \u00e0 adopter un mode de vie sain \u00e0 long terme.<\/li>\n<!-- \/wp:list-item --><!-- wp:list-item -->\n<li>Vous avez acquis les connaissances et les outils n\u00e9cessaires pour faire des choix alimentaires sains et pratiquer une activit\u00e9 physique r\u00e9guli\u00e8re.<\/li>\n<!-- \/wp:list-item --><!-- wp:list-item -->\n<li>Vous profitez d\u2019une meilleure sant\u00e9 et d\u2019une vitalit\u00e9 accrue.<\/li>\n<\/ul>\t\t\t\t\t\t\t\t<\/div>\n\t\t\t\t<\/div>\n\t\t\t\t\t<\/div>\n\t\t\t\t<\/div>\n\t\t<div class=\"elementor-element elementor-element-8c49099 e-ecs-flex e-flex e-con-boxed e-con e-parent\" data-id=\"8c49099\" data-element_type=\"container\" data-e-type=\"container\" data-settings=\"{&quot;ecs_container_type&quot;:&quot;flex&quot;}\">\n\t\t\t\t\t<div class=\"e-con-inner\">\n\t\t\t\t<div class=\"elementor-element elementor-element-b0d3ca3 elementor-widget elementor-widget-text-editor\" data-id=\"b0d3ca3\" data-element_type=\"widget\" data-e-type=\"widget\" data-widget_type=\"text-editor.default\">\n\t\t\t\t<div class=\"elementor-widget-container\">\n\t\t\t\t\t\t\t\t\t<p><strong>Quels sont les avantages d\u2019Ideal Protein ?<\/strong><\/p>\n<p><!-- \/wp:paragraph --><!-- wp:paragraph --><!-- \/wp:paragraph --><!-- wp:list --><\/p>\n<ul><!-- wp:list-item -->\n<li><strong>Perte de poids durable et efficace:<\/strong>\u00a0Atteignez vos objectifs de poids et maintenez-les sur le long terme.<\/li>\n<!-- \/wp:list-item --><!-- wp:list-item -->\n<li><strong>Pr\u00e9servation de la masse musculaire:<\/strong>\u00a0\u00c9vitez la perte musculaire souvent associ\u00e9e aux r\u00e9gimes hypocaloriques.<\/li>\n<!-- \/wp:list-item --><!-- wp:list-item -->\n<li><strong>Am\u00e9lioration de la sant\u00e9 globale:<\/strong>\u00a0R\u00e9duisez votre risque de maladies chroniques telles que le diab\u00e8te, les maladies cardiaques et certains types de cancer.<\/li>\n<!-- \/wp:list-item --><!-- wp:list-item -->\n<li><strong>Apprentissage de saines habitudes alimentaires:<\/strong>\u00a0D\u00e9veloppez des habitudes alimentaires saines et durables qui vous permettront de maintenir votre poids \u00e0 long terme.<\/li>\n<!-- \/wp:list-item --><!-- wp:list-item -->\n<li><strong>Encadrement et soutien professionnels:<\/strong>\u00a0B\u00e9n\u00e9ficiez du soutien et des conseils d\u2019une \u00e9quipe de professionnels qualifi\u00e9s tout au long du protocole.<\/li>\n<!-- \/wp:list-item --><\/ul>\n<p><!-- \/wp:list --><!-- wp:paragraph --><\/p>\n<p>\u00a0<\/p>\n<p><!-- \/wp:paragraph --><!-- wp:paragraph --><\/p>\n<p><strong>Ideal Protein est plus qu\u2019un simple protocole, c\u2019est un investissement dans votre sant\u00e9 et votre bien-\u00eatre.<\/strong><\/p>\n<p><!-- \/wp:paragraph --><!-- wp:paragraph --><!-- \/wp:paragraph --><!-- wp:paragraph --><\/p>\n<p><strong>Contactez-nous d\u00e8s aujourd\u2019hui pour r\u00e9server votre consultation gratuite et d\u00e9couvrir comment Ideal Protein peut vous aider \u00e0 atteindre vos objectifs de poids et \u00e0 am\u00e9liorer votre sant\u00e9 globale !<\/strong><\/p>\t\t\t\t\t\t\t\t<\/div>\n\t\t\t\t<\/div>\n\t\t\t\t\t<\/div>\n\t\t\t\t<\/div>\n\t\t<div class=\"elementor-element elementor-element-03ac385 e-ecs-flex e-flex e-con-boxed e-con e-parent\" data-id=\"03ac385\" data-element_type=\"container\" data-e-type=\"container\" data-settings=\"{&quot;ecs_container_type&quot;:&quot;flex&quot;}\">\n\t\t\t\t\t<div class=\"e-con-inner\">\n\t\t\t\t<div class=\"elementor-element elementor-element-217fed7 elementor-widget elementor-widget-heading\" data-id=\"217fed7\" data-element_type=\"widget\" data-e-type=\"widget\" data-widget_type=\"heading.default\">\n\t\t\t\t<div class=\"elementor-widget-container\">\n\t\t\t\t\t<h2 class=\"elementor-heading-title elementor-size-default\">Produits Ideal Protein<\/h2>\t\t\t\t<\/div>\n\t\t\t\t<\/div>\n\t\t\t\t\t<\/div>\n\t\t\t\t<\/div>\n\t\t<div class=\"elementor-element elementor-element-6dcad49 e-ecs-flex e-flex e-con-boxed e-con e-parent\" data-id=\"6dcad49\" data-element_type=\"container\" data-e-type=\"container\" data-settings=\"{&quot;ecs_container_type&quot;:&quot;flex&quot;}\">\n\t\t\t\t\t<div class=\"e-con-inner\">\n\t\t\t\t<div class=\"elementor-element elementor-element-b88e3c6 elementor-widget elementor-widget-gallery\" data-id=\"b88e3c6\" data-element_type=\"widget\" data-e-type=\"widget\" data-settings=\"{&quot;gallery_layout&quot;:&quot;masonry&quot;,&quot;lazyload&quot;:&quot;yes&quot;,&quot;columns&quot;:4,&quot;columns_tablet&quot;:2,&quot;columns_mobile&quot;:1,&quot;gap&quot;:{&quot;unit&quot;:&quot;px&quot;,&quot;size&quot;:10,&quot;sizes&quot;:[]},&quot;gap_tablet&quot;:{&quot;unit&quot;:&quot;px&quot;,&quot;size&quot;:10,&quot;sizes&quot;:[]},&quot;gap_mobile&quot;:{&quot;unit&quot;:&quot;px&quot;,&quot;size&quot;:10,&quot;sizes&quot;:[]},&quot;link_to&quot;:&quot;file&quot;,&quot;overlay_background&quot;:&quot;yes&quot;,&quot;content_hover_animation&quot;:&quot;fade-in&quot;}\" data-widget_type=\"gallery.default\">\n\t\t\t\t<div class=\"elementor-widget-container\">\n\t\t\t\t\t\t\t<div class=\"elementor-gallery__container\">\n\t\t\t\t\t\t\t<a class=\"e-gallery-item elementor-gallery-item elementor-animated-content\" href=\"https:\/\/lessentielesthetique.ca\/wp-content\/uploads\/2025\/04\/Product-Image-Chocolate-Mint-Bar1.png\" data-elementor-open-lightbox=\"yes\" data-elementor-lightbox-slideshow=\"b88e3c6\" data-elementor-lightbox-title=\"Product Image - Chocolate Mint Bar(1)\" data-e-action-hash=\"#elementor-action%3Aaction%3Dlightbox%26settings%3DeyJpZCI6MzQxMiwidXJsIjoiaHR0cHM6XC9cL2xlc3NlbnRpZWxlc3RoZXRpcXVlLmNhXC93cC1jb250ZW50XC91cGxvYWRzXC8yMDI1XC8wNFwvUHJvZHVjdC1JbWFnZS1DaG9jb2xhdGUtTWludC1CYXIxLnBuZyIsInNsaWRlc2hvdyI6ImI4OGUzYzYifQ%3D%3D\">\n\t\t\t\t\t<div class=\"e-gallery-image elementor-gallery-item__image\" data-thumbnail=\"https:\/\/lessentielesthetique.ca\/wp-content\/uploads\/2025\/04\/Product-Image-Chocolate-Mint-Bar1-300x300.png\" data-width=\"300\" data-height=\"300\" aria-label=\"\" role=\"img\" ><\/div>\n\t\t\t\t\t\t\t\t\t\t\t<div class=\"elementor-gallery-item__overlay\"><\/div>\n\t\t\t\t\t\t\t\t\t\t\t\t\t\t<\/a>\n\t\t\t\t\t\t\t<a class=\"e-gallery-item elementor-gallery-item elementor-animated-content\" href=\"https:\/\/lessentielesthetique.ca\/wp-content\/uploads\/2025\/04\/ca04123_000_001.png\" data-elementor-open-lightbox=\"yes\" data-elementor-lightbox-slideshow=\"b88e3c6\" data-elementor-lightbox-title=\"ca04123_000_001\" data-e-action-hash=\"#elementor-action%3Aaction%3Dlightbox%26settings%3DeyJpZCI6MzQxMywidXJsIjoiaHR0cHM6XC9cL2xlc3NlbnRpZWxlc3RoZXRpcXVlLmNhXC93cC1jb250ZW50XC91cGxvYWRzXC8yMDI1XC8wNFwvY2EwNDEyM18wMDBfMDAxLnBuZyIsInNsaWRlc2hvdyI6ImI4OGUzYzYifQ%3D%3D\">\n\t\t\t\t\t<div class=\"e-gallery-image elementor-gallery-item__image\" data-thumbnail=\"https:\/\/lessentielesthetique.ca\/wp-content\/uploads\/2025\/04\/ca04123_000_001-300x300.png\" data-width=\"300\" data-height=\"300\" aria-label=\"\" role=\"img\" ><\/div>\n\t\t\t\t\t\t\t\t\t\t\t<div class=\"elementor-gallery-item__overlay\"><\/div>\n\t\t\t\t\t\t\t\t\t\t\t\t\t\t<\/a>\n\t\t\t\t\t\t\t<a class=\"e-gallery-item elementor-gallery-item elementor-animated-content\" href=\"https:\/\/lessentielesthetique.ca\/wp-content\/uploads\/2025\/04\/CA04113_CROUSTILLES-FROMAGE-EPICE.png\" data-elementor-open-lightbox=\"yes\" data-elementor-lightbox-slideshow=\"b88e3c6\" data-elementor-lightbox-title=\"CA04113_CROUSTILLES FROMAGE \u00c9PIC\u00c9\" data-e-action-hash=\"#elementor-action%3Aaction%3Dlightbox%26settings%3DeyJpZCI6MzQxNCwidXJsIjoiaHR0cHM6XC9cL2xlc3NlbnRpZWxlc3RoZXRpcXVlLmNhXC93cC1jb250ZW50XC91cGxvYWRzXC8yMDI1XC8wNFwvQ0EwNDExM19DUk9VU1RJTExFUy1GUk9NQUdFLUVQSUNFLnBuZyIsInNsaWRlc2hvdyI6ImI4OGUzYzYifQ%3D%3D\">\n\t\t\t\t\t<div class=\"e-gallery-image elementor-gallery-item__image\" data-thumbnail=\"https:\/\/lessentielesthetique.ca\/wp-content\/uploads\/2025\/04\/CA04113_CROUSTILLES-FROMAGE-EPICE-300x300.png\" data-width=\"300\" data-height=\"300\" aria-label=\"\" role=\"img\" ><\/div>\n\t\t\t\t\t\t\t\t\t\t\t<div class=\"elementor-gallery-item__overlay\"><\/div>\n\t\t\t\t\t\t\t\t\t\t\t\t\t\t<\/a>\n\t\t\t\t\t\t\t<a class=\"e-gallery-item elementor-gallery-item elementor-animated-content\" href=\"https:\/\/lessentielesthetique.ca\/wp-content\/uploads\/2025\/04\/CA4120_Brownies-Fudge-au-Chocolat.png\" data-elementor-open-lightbox=\"yes\" data-elementor-lightbox-slideshow=\"b88e3c6\" data-elementor-lightbox-title=\"CA4120_Brownies Fudge au Chocolat\" data-e-action-hash=\"#elementor-action%3Aaction%3Dlightbox%26settings%3DeyJpZCI6MzQxNywidXJsIjoiaHR0cHM6XC9cL2xlc3NlbnRpZWxlc3RoZXRpcXVlLmNhXC93cC1jb250ZW50XC91cGxvYWRzXC8yMDI1XC8wNFwvQ0E0MTIwX0Jyb3duaWVzLUZ1ZGdlLWF1LUNob2NvbGF0LnBuZyIsInNsaWRlc2hvdyI6ImI4OGUzYzYifQ%3D%3D\">\n\t\t\t\t\t<div class=\"e-gallery-image elementor-gallery-item__image\" data-thumbnail=\"https:\/\/lessentielesthetique.ca\/wp-content\/uploads\/2025\/04\/CA4120_Brownies-Fudge-au-Chocolat-297x300.png\" data-width=\"297\" data-height=\"300\" aria-label=\"\" role=\"img\" ><\/div>\n\t\t\t\t\t\t\t\t\t\t\t<div class=\"elementor-gallery-item__overlay\"><\/div>\n\t\t\t\t\t\t\t\t\t\t\t\t\t\t<\/a>\n\t\t\t\t\t<\/div>\n\t\t\t\t\t<\/div>\n\t\t\t\t<\/div>\n\t\t\t\t\t<\/div>\n\t\t\t\t<\/div>\n\t\t<div class=\"elementor-element elementor-element-9b70513 e-ecs-flex e-flex e-con-boxed e-con e-parent\" data-id=\"9b70513\" data-element_type=\"container\" data-e-type=\"container\" data-settings=\"{&quot;ecs_container_type&quot;:&quot;flex&quot;}\">\n\t\t\t\t\t<div class=\"e-con-inner\">\n\t\t\t\t<div class=\"elementor-element elementor-element-58b9273 elementor-widget elementor-widget-spacer\" data-id=\"58b9273\" data-element_type=\"widget\" data-e-type=\"widget\" data-widget_type=\"spacer.default\">\n\t\t\t\t<div class=\"elementor-widget-container\">\n\t\t\t\t\t\t\t<div class=\"elementor-spacer\">\n\t\t\t<div class=\"elementor-spacer-inner\"><\/div>\n\t\t<\/div>\n\t\t\t\t\t\t<\/div>\n\t\t\t\t<\/div>\n\t\t\t\t\t<\/div>\n\t\t\t\t<\/div>\n\t\t\t\t<\/div>","protected":false},"excerpt":{"rendered":"<p>Book a Consultation Discover Ideal Protein: Achieve Lasting Weight Loss and Improve Your Health at L&#8217;Essentiel! Looking for an effective and sustainable weight loss diet that helps you adopt a healthy lifestyle? Ideal Protein is the perfect solution for you! This medically designed protocol allows you to reach your weight loss goals while preserving muscle [&hellip;]<\/p>\n","protected":false},"author":6,"featured_media":0,"parent":2081,"menu_order":0,"comment_status":"closed","ping_status":"closed","template":"","meta":{"footnotes":""},"class_list":["post-2710","page","type-page","status-publish","hentry"],"_links":{"self":[{"href":"https:\/\/lessentielesthetique.ca\/fr\/wp-json\/wp\/v2\/pages\/2710","targetHints":{"allow":["GET"]}}],"collection":[{"href":"https:\/\/lessentielesthetique.ca\/fr\/wp-json\/wp\/v2\/pages"}],"about":[{"href":"https:\/\/lessentielesthetique.ca\/fr\/wp-json\/wp\/v2\/types\/page"}],"author":[{"embeddable":true,"href":"https:\/\/lessentielesthetique.ca\/fr\/wp-json\/wp\/v2\/users\/6"}],"replies":[{"embeddable":true,"href":"https:\/\/lessentielesthetique.ca\/fr\/wp-json\/wp\/v2\/comments?post=2710"}],"version-history":[{"count":8,"href":"https:\/\/lessentielesthetique.ca\/fr\/wp-json\/wp\/v2\/pages\/2710\/revisions"}],"predecessor-version":[{"id":3420,"href":"https:\/\/lessentielesthetique.ca\/fr\/wp-json\/wp\/v2\/pages\/2710\/revisions\/3420"}],"up":[{"embeddable":true,"href":"https:\/\/lessentielesthetique.ca\/fr\/wp-json\/wp\/v2\/pages\/2081"}],"wp:attachment":[{"href":"https:\/\/lessentielesthetique.ca\/fr\/wp-json\/wp\/v2\/media?parent=2710"}],"curies":[{"name":"wp","href":"https:\/\/api.w.org\/{rel}","templated":true}]}}