{"id":2706,"date":"2024-02-14T14:30:28","date_gmt":"2024-02-14T19:30:28","guid":{"rendered":"https:\/\/lessentielesthetique.ca\/?page_id=2706"},"modified":"2025-04-03T14:55:16","modified_gmt":"2025-04-03T18:55:16","slug":"laser-hair-removal","status":"publish","type":"page","link":"https:\/\/lessentielesthetique.ca\/fr\/services\/laser-hair-removal\/","title":{"rendered":"\u00c9pilation au laser"},"content":{"rendered":"<div data-elementor-type=\"wp-page\" data-elementor-id=\"2706\" class=\"elementor elementor-2706\" data-elementor-post-type=\"page\">\n\t\t\t\t<div class=\"elementor-element elementor-element-5698513d e-ecs-flex e-flex e-con-boxed e-con e-parent\" data-id=\"5698513d\" data-element_type=\"container\" data-e-type=\"container\" data-settings=\"{&quot;ecs_container_type&quot;:&quot;flex&quot;}\">\n\t\t\t\t\t<div class=\"e-con-inner\">\n\t\t\t\t<div class=\"elementor-element elementor-element-32fe252 elementor-widget elementor-widget-button\" data-id=\"32fe252\" data-element_type=\"widget\" data-e-type=\"widget\" data-widget_type=\"button.default\">\n\t\t\t\t<div class=\"elementor-widget-container\">\n\t\t\t\t\t\t\t\t\t<div class=\"elementor-button-wrapper\">\n\t\t\t\t\t<a class=\"elementor-button elementor-button-link elementor-size-sm\" href=\"https:\/\/book.squareup.com\/appointments\/3f7a317c-a749-4e84-ba0f-3df12052449a\/location\/BDBVFAZVJ3XEY\/services\/OACBB7X73I3XBKPUQXBUPKJ5\">\n\t\t\t\t\t\t<span class=\"elementor-button-content-wrapper\">\n\t\t\t\t\t\t\t\t\t<span class=\"elementor-button-text\">Prendre un rendez-vous<\/span>\n\t\t\t\t\t<\/span>\n\t\t\t\t\t<\/a>\n\t\t\t\t<\/div>\n\t\t\t\t\t\t\t\t<\/div>\n\t\t\t\t<\/div>\n\t\t\t\t<div class=\"elementor-element elementor-element-1eda94f2 elementor-widget elementor-widget-text-editor\" data-id=\"1eda94f2\" data-element_type=\"widget\" data-e-type=\"widget\" data-widget_type=\"text-editor.default\">\n\t\t\t\t<div class=\"elementor-widget-container\">\n\t\t\t\t\t\t\t\t\t\n<h2 class=\"wp-block-heading\">D\u00e9couvrez l\u2019\u00e9pilation au laser pour une peau lisse et sans poils \u00e0 L\u2019Essentiel!<\/h2>\n\n<p>\u00a0<\/p>\n\n<p><strong>Dites adieu aux poils ind\u00e9sirables et retrouvez une peau douce et lisse gr\u00e2ce \u00e0 l\u2019\u00e9pilation au laser, une m\u00e9thode efficace et durable.<\/strong><\/p>\n\n<p>L\u2019\u00e9pilation au laser utilise un faisceau lumineux concentr\u00e9 pour cibler la m\u00e9lanine pr\u00e9sente dans le follicule pileux. Cette lumi\u00e8re est absorb\u00e9e par le bulbe du poil, qui est ensuite d\u00e9truit par la chaleur g\u00e9n\u00e9r\u00e9e. Le poil est ainsi \u00e9limin\u00e9 \u00e0 la racine, emp\u00eachant sa repousse future.<\/p>\n\n<p>\u00a0<\/p>\n\n<p><strong>L\u2019\u00e9pilation au laser offre de nombreux avantages :<\/strong><\/p>\n\n<ul class=\"wp-block-list\">\n<li><strong>Efficacit\u00e9 durable:<\/strong>\u00a0R\u00e9duit consid\u00e9rablement la repousse des poils, pour une peau lisse et nette pendant des ann\u00e9es.<\/li>\n\n<li><strong>Pr\u00e9cision:<\/strong>\u00a0Cible les poils fonc\u00e9s \u00e0 la racine, sans affecter la peau environnante.<\/li>\n\n<li><strong>Vitesse:<\/strong>\u00a0Les s\u00e9ances durent g\u00e9n\u00e9ralement quelques minutes, selon la zone \u00e0 traiter.<\/li>\n\n<li><strong>Confort:<\/strong>\u00a0La technologie moderne permet une proc\u00e9dure plus confortable que jamais.<\/li>\n\n<li><strong>S\u00fbret\u00e9:<\/strong>\u00a0Proc\u00e9dure approuv\u00e9e par la FDA et r\u00e9alis\u00e9e par des professionnels qualifi\u00e9s.<\/li>\n<\/ul>\n\n<p>\u00a0<\/p>\n\n<p><strong>L\u2019\u00e9pilation au laser est adapt\u00e9e \u00e0 la plupart des zones du corps, y compris :<\/strong><\/p>\n\n<ul class=\"wp-block-list\">\n<li>Visage<\/li>\n\n<li>Jambes<\/li>\n\n<li>Aisselles<\/li>\n\n<li>Maillot<\/li>\n\n<li>Dos<\/li>\n\n<li>Bras<\/li>\n<\/ul>\n\n<p>\u00a0<\/p>\n\n<p><strong>Offrez-vous une peau irr\u00e9sistiblement douce et lisse avec l\u2019\u00e9pilation au laser \u00e0 L\u2019Essentiel!<\/strong><\/p>\n\n<p><strong>Contactez-nous d\u00e8s aujourd\u2019hui pour r\u00e9server votre consultation gratuite et d\u00e9couvrir comment l\u2019\u00e9pilation au laser peut vous aider \u00e0 atteindre vos objectifs.<\/strong><\/p>\n\t\t\t\t\t\t\t\t<\/div>\n\t\t\t\t<\/div>\n\t\t\t\t\t<\/div>\n\t\t\t\t<\/div>\n\t\t<div class=\"elementor-element elementor-element-9114ece e-ecs-flex e-flex e-con-boxed e-con e-parent\" data-id=\"9114ece\" data-element_type=\"container\" data-e-type=\"container\" data-settings=\"{&quot;ecs_container_type&quot;:&quot;flex&quot;}\">\n\t\t\t\t\t<div class=\"e-con-inner\">\n\t\t\t\t<div class=\"elementor-element elementor-element-384d98e elementor-widget elementor-widget-heading\" data-id=\"384d98e\" data-element_type=\"widget\" data-e-type=\"widget\" data-widget_type=\"heading.default\">\n\t\t\t\t<div class=\"elementor-widget-container\">\n\t\t\t\t\t<h2 class=\"elementor-heading-title elementor-size-default\">Laser Treatments<\/h2>\t\t\t\t<\/div>\n\t\t\t\t<\/div>\n\t\t\t\t<div class=\"elementor-element elementor-element-d0d5af2 elementor-widget elementor-widget-gallery\" data-id=\"d0d5af2\" data-element_type=\"widget\" data-e-type=\"widget\" data-settings=\"{&quot;gallery_layout&quot;:&quot;masonry&quot;,&quot;lazyload&quot;:&quot;yes&quot;,&quot;columns&quot;:4,&quot;columns_tablet&quot;:2,&quot;columns_mobile&quot;:1,&quot;gap&quot;:{&quot;unit&quot;:&quot;px&quot;,&quot;size&quot;:10,&quot;sizes&quot;:[]},&quot;gap_tablet&quot;:{&quot;unit&quot;:&quot;px&quot;,&quot;size&quot;:10,&quot;sizes&quot;:[]},&quot;gap_mobile&quot;:{&quot;unit&quot;:&quot;px&quot;,&quot;size&quot;:10,&quot;sizes&quot;:[]},&quot;link_to&quot;:&quot;file&quot;,&quot;overlay_background&quot;:&quot;yes&quot;,&quot;content_hover_animation&quot;:&quot;fade-in&quot;}\" data-widget_type=\"gallery.default\">\n\t\t\t\t<div class=\"elementor-widget-container\">\n\t\t\t\t\t\t\t<div class=\"elementor-gallery__container\">\n\t\t\t\t\t\t\t<a class=\"e-gallery-item elementor-gallery-item elementor-animated-content\" href=\"https:\/\/lessentielesthetique.ca\/wp-content\/uploads\/2025\/03\/IMG_0595-2.png\" data-elementor-open-lightbox=\"yes\" data-elementor-lightbox-slideshow=\"d0d5af2\" data-elementor-lightbox-title=\"IMG_0595\" data-e-action-hash=\"#elementor-action%3Aaction%3Dlightbox%26settings%3DeyJpZCI6MzI1NSwidXJsIjoiaHR0cHM6XC9cL2xlc3NlbnRpZWxlc3RoZXRpcXVlLmNhXC93cC1jb250ZW50XC91cGxvYWRzXC8yMDI1XC8wM1wvSU1HXzA1OTUtMi5wbmciLCJzbGlkZXNob3ciOiJkMGQ1YWYyIn0%3D\">\n\t\t\t\t\t<div class=\"e-gallery-image elementor-gallery-item__image\" data-thumbnail=\"https:\/\/lessentielesthetique.ca\/wp-content\/uploads\/2025\/03\/IMG_0595-2-193x300.png\" data-width=\"193\" data-height=\"300\" aria-label=\"\" role=\"img\" ><\/div>\n\t\t\t\t\t\t\t\t\t\t\t<div class=\"elementor-gallery-item__overlay\"><\/div>\n\t\t\t\t\t\t\t\t\t\t\t\t\t\t<\/a>\n\t\t\t\t\t<\/div>\n\t\t\t\t\t<\/div>\n\t\t\t\t<\/div>\n\t\t\t\t\t<\/div>\n\t\t\t\t<\/div>\n\t\t<div class=\"elementor-element elementor-element-2bc85f1 e-ecs-flex e-flex e-con-boxed e-con e-parent\" data-id=\"2bc85f1\" data-element_type=\"container\" data-e-type=\"container\" data-settings=\"{&quot;ecs_container_type&quot;:&quot;flex&quot;}\">\n\t\t\t\t\t<div class=\"e-con-inner\">\n\t\t\t\t<div class=\"elementor-element elementor-element-5a30940 elementor-widget elementor-widget-spacer\" data-id=\"5a30940\" data-element_type=\"widget\" data-e-type=\"widget\" data-widget_type=\"spacer.default\">\n\t\t\t\t<div class=\"elementor-widget-container\">\n\t\t\t\t\t\t\t<div class=\"elementor-spacer\">\n\t\t\t<div class=\"elementor-spacer-inner\"><\/div>\n\t\t<\/div>\n\t\t\t\t\t\t<\/div>\n\t\t\t\t<\/div>\n\t\t\t\t\t<\/div>\n\t\t\t\t<\/div>\n\t\t\t\t<\/div>","protected":false},"excerpt":{"rendered":"<p>Book Your Appointment Achieve Smooth, Hair-Free Skin with Laser Hair Removal at L&#8217;Essentiel! \u00a0 Say goodbye to unwanted hair and hello to long-lasting smoothness with laser hair removal, a safe and effective solution. Laser hair removal uses a concentrated beam of light to target the melanin pigment in the hair follicle. This light is absorbed [&hellip;]<\/p>\n","protected":false},"author":6,"featured_media":0,"parent":2081,"menu_order":0,"comment_status":"closed","ping_status":"closed","template":"","meta":{"footnotes":""},"class_list":["post-2706","page","type-page","status-publish","hentry"],"_links":{"self":[{"href":"https:\/\/lessentielesthetique.ca\/fr\/wp-json\/wp\/v2\/pages\/2706","targetHints":{"allow":["GET"]}}],"collection":[{"href":"https:\/\/lessentielesthetique.ca\/fr\/wp-json\/wp\/v2\/pages"}],"about":[{"href":"https:\/\/lessentielesthetique.ca\/fr\/wp-json\/wp\/v2\/types\/page"}],"author":[{"embeddable":true,"href":"https:\/\/lessentielesthetique.ca\/fr\/wp-json\/wp\/v2\/users\/6"}],"replies":[{"embeddable":true,"href":"https:\/\/lessentielesthetique.ca\/fr\/wp-json\/wp\/v2\/comments?post=2706"}],"version-history":[{"count":8,"href":"https:\/\/lessentielesthetique.ca\/fr\/wp-json\/wp\/v2\/pages\/2706\/revisions"}],"predecessor-version":[{"id":3351,"href":"https:\/\/lessentielesthetique.ca\/fr\/wp-json\/wp\/v2\/pages\/2706\/revisions\/3351"}],"up":[{"embeddable":true,"href":"https:\/\/lessentielesthetique.ca\/fr\/wp-json\/wp\/v2\/pages\/2081"}],"wp:attachment":[{"href":"https:\/\/lessentielesthetique.ca\/fr\/wp-json\/wp\/v2\/media?parent=2706"}],"curies":[{"name":"wp","href":"https:\/\/api.w.org\/{rel}","templated":true}]}}