{"id":2702,"date":"2024-02-14T14:29:52","date_gmt":"2024-02-14T19:29:52","guid":{"rendered":"https:\/\/lessentielesthetique.ca\/?page_id=2702"},"modified":"2025-04-03T15:29:57","modified_gmt":"2025-04-03T19:29:57","slug":"electrolysis","status":"publish","type":"page","link":"https:\/\/lessentielesthetique.ca\/fr\/services\/electrolysis\/","title":{"rendered":"\u00c9lectrolyse"},"content":{"rendered":"<div data-elementor-type=\"wp-page\" data-elementor-id=\"2702\" class=\"elementor elementor-2702\" data-elementor-post-type=\"page\">\n\t\t\t\t<div class=\"elementor-element elementor-element-fc1e843 e-ecs-flex e-flex e-con-boxed e-con e-parent\" data-id=\"fc1e843\" data-element_type=\"container\" data-e-type=\"container\" data-settings=\"{&quot;ecs_container_type&quot;:&quot;flex&quot;}\">\n\t\t\t\t\t<div class=\"e-con-inner\">\n\t\t\t\t<div class=\"elementor-element elementor-element-ae92577 elementor-widget elementor-widget-heading\" data-id=\"ae92577\" data-element_type=\"widget\" data-e-type=\"widget\" data-widget_type=\"heading.default\">\n\t\t\t\t<div class=\"elementor-widget-container\">\n\t\t\t\t\t<h2 class=\"elementor-heading-title elementor-size-default\">Prendre un rendez-vous<\/h2>\t\t\t\t<\/div>\n\t\t\t\t<\/div>\n\t\t\t\t\t<\/div>\n\t\t\t\t<\/div>\n\t\t<div class=\"elementor-element elementor-element-957616b e-grid e-ecs-flex e-con-boxed e-con e-parent\" data-id=\"957616b\" data-element_type=\"container\" data-e-type=\"container\" data-settings=\"{&quot;ecs_container_type&quot;:&quot;flex&quot;}\">\n\t\t\t\t\t<div class=\"e-con-inner\">\n\t\t\t\t<div class=\"elementor-element elementor-element-6dac193 elementor-align-center elementor-widget elementor-widget-button\" data-id=\"6dac193\" data-element_type=\"widget\" data-e-type=\"widget\" data-widget_type=\"button.default\">\n\t\t\t\t<div class=\"elementor-widget-container\">\n\t\t\t\t\t\t\t\t\t<div class=\"elementor-button-wrapper\">\n\t\t\t\t\t<a class=\"elementor-button elementor-button-link elementor-size-sm\" href=\"https:\/\/book.squareup.com\/appointments\/3f7a317c-a749-4e84-ba0f-3df12052449a\/location\/BDBVFAZVJ3XEY\/services\/GTQSD6Q7U25X6Z6D4R5HDT32\">\n\t\t\t\t\t\t<span class=\"elementor-button-content-wrapper\">\n\t\t\t\t\t\t\t\t\t<span class=\"elementor-button-text\">15 Minutes<\/span>\n\t\t\t\t\t<\/span>\n\t\t\t\t\t<\/a>\n\t\t\t\t<\/div>\n\t\t\t\t\t\t\t\t<\/div>\n\t\t\t\t<\/div>\n\t\t\t\t<div class=\"elementor-element elementor-element-567c099 elementor-align-center elementor-widget elementor-widget-button\" data-id=\"567c099\" data-element_type=\"widget\" data-e-type=\"widget\" data-widget_type=\"button.default\">\n\t\t\t\t<div class=\"elementor-widget-container\">\n\t\t\t\t\t\t\t\t\t<div class=\"elementor-button-wrapper\">\n\t\t\t\t\t<a class=\"elementor-button elementor-button-link elementor-size-sm\" href=\"https:\/\/book.squareup.com\/appointments\/3f7a317c-a749-4e84-ba0f-3df12052449a\/location\/BDBVFAZVJ3XEY\/services\/K3O6TP2NYU5ANAO2O7K5X2ZW\">\n\t\t\t\t\t\t<span class=\"elementor-button-content-wrapper\">\n\t\t\t\t\t\t\t\t\t<span class=\"elementor-button-text\">30 Minutes<\/span>\n\t\t\t\t\t<\/span>\n\t\t\t\t\t<\/a>\n\t\t\t\t<\/div>\n\t\t\t\t\t\t\t\t<\/div>\n\t\t\t\t<\/div>\n\t\t\t\t<div class=\"elementor-element elementor-element-eabc024 elementor-align-center elementor-widget elementor-widget-button\" data-id=\"eabc024\" data-element_type=\"widget\" data-e-type=\"widget\" data-widget_type=\"button.default\">\n\t\t\t\t<div class=\"elementor-widget-container\">\n\t\t\t\t\t\t\t\t\t<div class=\"elementor-button-wrapper\">\n\t\t\t\t\t<a class=\"elementor-button elementor-button-link elementor-size-sm\" href=\"https:\/\/book.squareup.com\/appointments\/3f7a317c-a749-4e84-ba0f-3df12052449a\/location\/BDBVFAZVJ3XEY\/services\/HNT5I3OPLASG2WMZD7OR6RWB\">\n\t\t\t\t\t\t<span class=\"elementor-button-content-wrapper\">\n\t\t\t\t\t\t\t\t\t<span class=\"elementor-button-text\">60 Minutes<\/span>\n\t\t\t\t\t<\/span>\n\t\t\t\t\t<\/a>\n\t\t\t\t<\/div>\n\t\t\t\t\t\t\t\t<\/div>\n\t\t\t\t<\/div>\n\t\t\t\t\t<\/div>\n\t\t\t\t<\/div>\n\t\t<div class=\"elementor-element elementor-element-563d9b7e e-ecs-flex e-flex e-con-boxed e-con e-parent\" data-id=\"563d9b7e\" data-element_type=\"container\" data-e-type=\"container\" data-settings=\"{&quot;ecs_container_type&quot;:&quot;flex&quot;}\">\n\t\t\t\t\t<div class=\"e-con-inner\">\n\t\t\t\t<div class=\"elementor-element elementor-element-61fb0ac elementor-widget elementor-widget-spacer\" data-id=\"61fb0ac\" data-element_type=\"widget\" data-e-type=\"widget\" data-widget_type=\"spacer.default\">\n\t\t\t\t<div class=\"elementor-widget-container\">\n\t\t\t\t\t\t\t<div class=\"elementor-spacer\">\n\t\t\t<div class=\"elementor-spacer-inner\"><\/div>\n\t\t<\/div>\n\t\t\t\t\t\t<\/div>\n\t\t\t\t<\/div>\n\t\t\t\t<div class=\"elementor-element elementor-element-5f74f4b4 elementor-widget elementor-widget-text-editor\" data-id=\"5f74f4b4\" data-element_type=\"widget\" data-e-type=\"widget\" data-widget_type=\"text-editor.default\">\n\t\t\t\t<div class=\"elementor-widget-container\">\n\t\t\t\t\t\t\t\t\t\n<h2 class=\"wp-block-heading\">D\u00e9couvrez l\u2019\u00e9pilation permanente avec l\u2019\u00e9lectrolyse chez L\u2019Essentiel<\/h2>\n<p>\u00a0<\/p>\n\n<p><strong>Dites adieu aux poils ind\u00e9sirables pour de bon avec l\u2019\u00e9lectrolyse, la seule m\u00e9thode d\u2019\u00e9pilation permanente reconnue par la FDA.<\/strong><\/p>\n\n<p>L\u2019\u00e9lectrolyse est une technique \u00e9prouv\u00e9e depuis plus de 130 ans qui utilise un courant \u00e9lectrique pr\u00e9cis pour d\u00e9truire le follicule pileux \u00e0 sa racine, emp\u00eachant ainsi la repousse du poil. Cette m\u00e9thode convient \u00e0 tous les types de peau et de poils, y compris les poils fins et clairs.<\/p>\n\n<p>\u00a0<\/p>\n\n<p><strong>Comment fonctionne l\u2019\u00e9lectrolyse?<\/strong><\/p>\n\n<ol class=\"wp-block-list\">\n<li><strong>Consultation personalis\u00e9e:<\/strong>\u00a0Un de nos \u00e9lectrolystes exp\u00e9riment\u00e9s \u00e9value vos besoins et \u00e9tablit un plan de traitement personnalis\u00e9.<\/li>\n\n<li><strong>Insertion fine d\u2019une sonde:<\/strong>\u00a0Une sonde fine est ins\u00e9r\u00e9e d\u00e9licatement dans chaque follicule pileux \u00e0 traiter.<\/li>\n\n<li><strong>Application de courant \u00e9lectrique:<\/strong>\u00a0Un courant \u00e9lectrique pr\u00e9cis est d\u00e9livr\u00e9 pour d\u00e9truire la racine du poil.<\/li>\n\n<li><strong>\u00c9limination du poil:<\/strong>\u00a0Le poil est ensuite retir\u00e9 avec une pince \u00e0 \u00e9piler.<\/li>\n<\/ol>\n\n<p>\u00a0<\/p>\n\n<p><strong>Quels sont les avantages de l\u2019\u00e9lectrolyse?<\/strong><\/p>\n\n<ul class=\"wp-block-list\">\n<li><strong>\u00c9pilation permanente:<\/strong>\u00a0R\u00e9sultats durables et permanents<\/li>\n\n<li><strong>Pr\u00e9cision:<\/strong>\u00a0\u00c9limine m\u00eame les poils fins et clairs<\/li>\n\n<li><strong>S\u00fbr et efficace:<\/strong>\u00a0Convient \u00e0 tous les types de peau<\/li>\n\n<li><strong>Contr\u00f4le pr\u00e9cis:<\/strong>\u00a0Traite les zones d\u00e9licates avec pr\u00e9cision<\/li>\n\n<li><strong>Solution durable:<\/strong>\u00a0\u00c9vite les irritations du rasage et de l\u2019\u00e9pilation \u00e0 la cire<\/li>\n<\/ul>\n\n<p>\u00a0<\/p>\n\n<p><strong>Offrez-vous une peau lisse et sans poils toute l\u2019ann\u00e9e avec l\u2019\u00e9lectrolyse chez L\u2019Essentiel!<\/strong><\/p>\n\n<p><strong>Contactez-nous d\u00e8s aujourd\u2019hui pour r\u00e9server votre consultation gratuite et d\u00e9couvrir comment l\u2019\u00e9lectrolyse peut vous aider \u00e0 obtenir une peau lisse et sans poils.<\/strong><\/p>\n\t\t\t\t\t\t\t\t<\/div>\n\t\t\t\t<\/div>\n\t\t\t\t\t<\/div>\n\t\t\t\t<\/div>\n\t\t<div class=\"elementor-element elementor-element-a8c507d e-ecs-flex e-flex e-con-boxed e-con e-parent\" data-id=\"a8c507d\" data-element_type=\"container\" data-e-type=\"container\" data-settings=\"{&quot;ecs_container_type&quot;:&quot;flex&quot;}\">\n\t\t\t\t\t<div class=\"e-con-inner\">\n\t\t\t\t<div class=\"elementor-element elementor-element-dcc8141 elementor-widget elementor-widget-heading\" data-id=\"dcc8141\" data-element_type=\"widget\" data-e-type=\"widget\" data-widget_type=\"heading.default\">\n\t\t\t\t<div class=\"elementor-widget-container\">\n\t\t\t\t\t<h2 class=\"elementor-heading-title elementor-size-default\">Traitements d'\u00c9lectrolyse<\/h2>\t\t\t\t<\/div>\n\t\t\t\t<\/div>\n\t\t\t\t\t<\/div>\n\t\t\t\t<\/div>\n\t\t<div class=\"elementor-element elementor-element-1802192 e-ecs-flex e-flex e-con-boxed e-con e-parent\" data-id=\"1802192\" data-element_type=\"container\" data-e-type=\"container\" data-settings=\"{&quot;ecs_container_type&quot;:&quot;flex&quot;}\">\n\t\t\t\t\t<div class=\"e-con-inner\">\n\t\t\t\t<div class=\"elementor-element elementor-element-f823e8e elementor-widget elementor-widget-gallery\" data-id=\"f823e8e\" data-element_type=\"widget\" data-e-type=\"widget\" data-settings=\"{&quot;gallery_layout&quot;:&quot;masonry&quot;,&quot;lazyload&quot;:&quot;yes&quot;,&quot;columns&quot;:4,&quot;columns_tablet&quot;:2,&quot;columns_mobile&quot;:1,&quot;gap&quot;:{&quot;unit&quot;:&quot;px&quot;,&quot;size&quot;:10,&quot;sizes&quot;:[]},&quot;gap_tablet&quot;:{&quot;unit&quot;:&quot;px&quot;,&quot;size&quot;:10,&quot;sizes&quot;:[]},&quot;gap_mobile&quot;:{&quot;unit&quot;:&quot;px&quot;,&quot;size&quot;:10,&quot;sizes&quot;:[]},&quot;link_to&quot;:&quot;file&quot;,&quot;overlay_background&quot;:&quot;yes&quot;,&quot;content_hover_animation&quot;:&quot;fade-in&quot;}\" data-widget_type=\"gallery.default\">\n\t\t\t\t<div class=\"elementor-widget-container\">\n\t\t\t\t\t\t\t<div class=\"elementor-gallery__container\">\n\t\t\t\t\t\t\t<a class=\"e-gallery-item elementor-gallery-item elementor-animated-content\" href=\"https:\/\/lessentielesthetique.ca\/wp-content\/uploads\/2025\/04\/IMG_0772-scaled.jpg\" data-elementor-open-lightbox=\"yes\" data-elementor-lightbox-slideshow=\"f823e8e\" data-elementor-lightbox-title=\"IMG_0772\" data-e-action-hash=\"#elementor-action%3Aaction%3Dlightbox%26settings%3DeyJpZCI6MzM3MiwidXJsIjoiaHR0cHM6XC9cL2xlc3NlbnRpZWxlc3RoZXRpcXVlLmNhXC93cC1jb250ZW50XC91cGxvYWRzXC8yMDI1XC8wNFwvSU1HXzA3NzItc2NhbGVkLmpwZyIsInNsaWRlc2hvdyI6ImY4MjNlOGUifQ%3D%3D\">\n\t\t\t\t\t<div class=\"e-gallery-image elementor-gallery-item__image\" data-thumbnail=\"https:\/\/lessentielesthetique.ca\/wp-content\/uploads\/2025\/04\/IMG_0772-225x300.jpg\" data-width=\"225\" data-height=\"300\" aria-label=\"\" role=\"img\" ><\/div>\n\t\t\t\t\t\t\t\t\t\t\t<div class=\"elementor-gallery-item__overlay\"><\/div>\n\t\t\t\t\t\t\t\t\t\t\t\t\t\t<\/a>\n\t\t\t\t\t<\/div>\n\t\t\t\t\t<\/div>\n\t\t\t\t<\/div>\n\t\t\t\t\t<\/div>\n\t\t\t\t<\/div>\n\t\t<div class=\"elementor-element elementor-element-0c08657 e-ecs-flex e-flex e-con-boxed e-con e-parent\" data-id=\"0c08657\" data-element_type=\"container\" data-e-type=\"container\" data-settings=\"{&quot;ecs_container_type&quot;:&quot;flex&quot;}\">\n\t\t\t\t\t<div class=\"e-con-inner\">\n\t\t\t\t<div class=\"elementor-element elementor-element-1d339ca elementor-widget elementor-widget-spacer\" data-id=\"1d339ca\" data-element_type=\"widget\" data-e-type=\"widget\" data-widget_type=\"spacer.default\">\n\t\t\t\t<div class=\"elementor-widget-container\">\n\t\t\t\t\t\t\t<div class=\"elementor-spacer\">\n\t\t\t<div class=\"elementor-spacer-inner\"><\/div>\n\t\t<\/div>\n\t\t\t\t\t\t<\/div>\n\t\t\t\t<\/div>\n\t\t\t\t\t<\/div>\n\t\t\t\t<\/div>\n\t\t\t\t<\/div>","protected":false},"excerpt":{"rendered":"<p>Book Your Appointment 15 Minutes 30 Minutes 60 Minutes Achieve Permanent Hair Removal with Electrolysis at L&#8217;Essentiel! \u00a0 Say goodbye to unwanted hair for good with electrolysis, the only FDA-approved method for permanent hair removal. Electrolysis is a proven technique used for over 130 years that utilizes a precise electrical current to destroy the hair [&hellip;]<\/p>\n","protected":false},"author":6,"featured_media":0,"parent":2081,"menu_order":0,"comment_status":"closed","ping_status":"closed","template":"","meta":{"footnotes":""},"class_list":["post-2702","page","type-page","status-publish","hentry"],"_links":{"self":[{"href":"https:\/\/lessentielesthetique.ca\/fr\/wp-json\/wp\/v2\/pages\/2702","targetHints":{"allow":["GET"]}}],"collection":[{"href":"https:\/\/lessentielesthetique.ca\/fr\/wp-json\/wp\/v2\/pages"}],"about":[{"href":"https:\/\/lessentielesthetique.ca\/fr\/wp-json\/wp\/v2\/types\/page"}],"author":[{"embeddable":true,"href":"https:\/\/lessentielesthetique.ca\/fr\/wp-json\/wp\/v2\/users\/6"}],"replies":[{"embeddable":true,"href":"https:\/\/lessentielesthetique.ca\/fr\/wp-json\/wp\/v2\/comments?post=2702"}],"version-history":[{"count":17,"href":"https:\/\/lessentielesthetique.ca\/fr\/wp-json\/wp\/v2\/pages\/2702\/revisions"}],"predecessor-version":[{"id":3376,"href":"https:\/\/lessentielesthetique.ca\/fr\/wp-json\/wp\/v2\/pages\/2702\/revisions\/3376"}],"up":[{"embeddable":true,"href":"https:\/\/lessentielesthetique.ca\/fr\/wp-json\/wp\/v2\/pages\/2081"}],"wp:attachment":[{"href":"https:\/\/lessentielesthetique.ca\/fr\/wp-json\/wp\/v2\/media?parent=2702"}],"curies":[{"name":"wp","href":"https:\/\/api.w.org\/{rel}","templated":true}]}}