{"id":2694,"date":"2024-02-14T14:26:24","date_gmt":"2024-02-14T19:26:24","guid":{"rendered":"https:\/\/lessentielesthetique.ca\/?page_id=2694"},"modified":"2025-04-16T10:39:33","modified_gmt":"2025-04-16T14:39:33","slug":"cryolipolysis","status":"publish","type":"page","link":"https:\/\/lessentielesthetique.ca\/fr\/services\/cryolipolysis\/","title":{"rendered":"Cryolipolyse"},"content":{"rendered":"<div data-elementor-type=\"wp-page\" data-elementor-id=\"2694\" class=\"elementor elementor-2694\" data-elementor-post-type=\"page\">\n\t\t\t\t<div class=\"elementor-element elementor-element-352b3aee e-ecs-flex e-flex e-con-boxed e-con e-parent\" data-id=\"352b3aee\" data-element_type=\"container\" data-e-type=\"container\" data-settings=\"{&quot;ecs_container_type&quot;:&quot;flex&quot;}\">\n\t\t\t\t\t<div class=\"e-con-inner\">\n\t\t<div class=\"elementor-element elementor-element-218398e e-grid e-con-full e-ecs-flex e-con e-child\" data-id=\"218398e\" data-element_type=\"container\" data-e-type=\"container\" data-settings=\"{&quot;ecs_container_type&quot;:&quot;flex&quot;}\">\n\t\t\t\t<div class=\"elementor-element elementor-element-164fabb elementor-align-center elementor-widget elementor-widget-button\" data-id=\"164fabb\" data-element_type=\"widget\" data-e-type=\"widget\" data-widget_type=\"button.default\">\n\t\t\t\t<div class=\"elementor-widget-container\">\n\t\t\t\t\t\t\t\t\t<div class=\"elementor-button-wrapper\">\n\t\t\t\t\t<a class=\"elementor-button elementor-button-link elementor-size-sm\" href=\"https:\/\/book.squareup.com\/appointments\/3f7a317c-a749-4e84-ba0f-3df12052449a\/location\/BDBVFAZVJ3XEY\/services\/6RAD2CECMQ7MS3CTVN6DSICI\">\n\t\t\t\t\t\t<span class=\"elementor-button-content-wrapper\">\n\t\t\t\t\t\t\t\t\t<span class=\"elementor-button-text\">Prendre un rendez-vous<\/span>\n\t\t\t\t\t<\/span>\n\t\t\t\t\t<\/a>\n\t\t\t\t<\/div>\n\t\t\t\t\t\t\t\t<\/div>\n\t\t\t\t<\/div>\n\t\t\t\t<div class=\"elementor-element elementor-element-ac0976c elementor-align-center elementor-widget elementor-widget-button\" data-id=\"ac0976c\" data-element_type=\"widget\" data-e-type=\"widget\" data-widget_type=\"button.default\">\n\t\t\t\t<div class=\"elementor-widget-container\">\n\t\t\t\t\t\t\t\t\t<div class=\"elementor-button-wrapper\">\n\t\t\t\t\t<a class=\"elementor-button elementor-button-link elementor-size-sm\" href=\"https:\/\/book.squareup.com\/appointments\/3f7a317c-a749-4e84-ba0f-3df12052449a\/location\/BDBVFAZVJ3XEY\/services\/YQIVXB36IJSPXOUMCABPWP7I\">\n\t\t\t\t\t\t<span class=\"elementor-button-content-wrapper\">\n\t\t\t\t\t\t\t\t\t<span class=\"elementor-button-text\">Promo Cryolipolyse<\/span>\n\t\t\t\t\t<\/span>\n\t\t\t\t\t<\/a>\n\t\t\t\t<\/div>\n\t\t\t\t\t\t\t\t<\/div>\n\t\t\t\t<\/div>\n\t\t\t\t<\/div>\n\t\t\t\t<div class=\"elementor-element elementor-element-1ba0c2ab elementor-widget elementor-widget-text-editor\" data-id=\"1ba0c2ab\" data-element_type=\"widget\" data-e-type=\"widget\" data-widget_type=\"text-editor.default\">\n\t\t\t\t<div class=\"elementor-widget-container\">\n\t\t\t\t\t\t\t\t\t\n<h2 class=\"wp-block-heading\">Sculptez votre corps gr\u00e2ce \u00e0 la Cryolipolyse chez L'Essentiel<\/h2>\n\n<p><strong>D\u00e9barrassez-vous enfin des bourrelets disgracieux qui r\u00e9sistent \u00e0 votre r\u00e9gime et \u00e0 votre activit\u00e9 physique !<\/strong><\/p>\n\n<p>La proc\u00e9dure de cryolipolyse est une solution non invasive et cliniquement prouv\u00e9e pour \u00e9liminer les cellules graisseuses tenaces. Cette technologie r\u00e9volutionnaire utilise un froid intense pour cibler et geler les cellules adipeuses, les r\u00e9duisant naturellement et progressivement sans endommager les tissus environnants.<\/p>\n<p>\u00a0<\/p>\n\n<p><strong>Comment fonctionne la Cryolipolyse?<\/strong><\/p>\n\n<ol class=\"wp-block-list\">\n<li><strong>Consultation personalis\u00e9e:<\/strong> Un de nos experts qualifi\u00e9s \u00e9value vos objectifs et d\u00e9termine si la Cryolipolyse est adapt\u00e9 \u00e0 vos besoins.<\/li>\n\n<li><strong>Applicateurs cibl\u00e9s:<\/strong> Les zones \u00e0 traiter sont d\u00e9licatement aspir\u00e9es dans un applicateur refroidi.<\/li>\n\n<li><strong>Refroidissement contr\u00f4l\u00e9:<\/strong>\u00a0La temp\u00e9rature est abaiss\u00e9e progressivement pour cibler les cellules graisseuses.<\/li>\n\n<li><strong>\u00c9limination naturelle:<\/strong>\u00a0Les cellules adipeuses cristallis\u00e9es sont \u00e9limin\u00e9es par le corps au cours des semaines et des mois suivants.<\/li>\n<\/ol>\n\n<p>\u00a0<\/p>\n\n<p><strong>Quels sont les avantages de la Cryolipolyse?<\/strong><\/p>\n\n<ul class=\"wp-block-list\">\n<li>Proc\u00e9dure non chirurgicale et non invasive<\/li>\n\n<li>Aucune anesth\u00e9sie ni temps d\u2019arr\u00eat<\/li>\n\n<li>Confortable et pratiquement indolore<\/li>\n\n<li>R\u00e9sultats visibles et durables<\/li>\n\n<li>Cible des zones sp\u00e9cifiques<\/li>\n\n<li>Am\u00e9lioration du contour du corps<\/li>\n\n<li>Proc\u00e9dure s\u00fbre et approuv\u00e9e par la FDA<\/li>\n<\/ul>\n\n<p>\u00a0<\/p>\n\n<p><strong>Offrez-vous une silhouette plus mince et plus sculpt\u00e9e avec la Cryolipolyse chez L\u2019Essentiel!<\/strong><\/p>\n\n<p><strong>Contactez-nous d\u00e8s aujourd\u2019hui pour r\u00e9server votre consultation gratuite et d\u00e9couvrir comment la Cryolipolyse peut vous aider \u00e0 atteindre vos objectifs.<\/strong><\/p>\n\t\t\t\t\t\t\t\t<\/div>\n\t\t\t\t<\/div>\n\t\t\t\t\t<\/div>\n\t\t\t\t<\/div>\n\t\t<div class=\"elementor-element elementor-element-e02840a e-ecs-flex e-flex e-con-boxed e-con e-parent\" data-id=\"e02840a\" data-element_type=\"container\" data-e-type=\"container\" data-settings=\"{&quot;ecs_container_type&quot;:&quot;flex&quot;}\">\n\t\t\t\t\t<div class=\"e-con-inner\">\n\t\t\t\t<div class=\"elementor-element elementor-element-f12f81a elementor-widget elementor-widget-spacer\" data-id=\"f12f81a\" data-element_type=\"widget\" data-e-type=\"widget\" data-widget_type=\"spacer.default\">\n\t\t\t\t<div class=\"elementor-widget-container\">\n\t\t\t\t\t\t\t<div class=\"elementor-spacer\">\n\t\t\t<div class=\"elementor-spacer-inner\"><\/div>\n\t\t<\/div>\n\t\t\t\t\t\t<\/div>\n\t\t\t\t<\/div>\n\t\t\t\t<div class=\"elementor-element elementor-element-801ee1b elementor-widget elementor-widget-heading\" data-id=\"801ee1b\" data-element_type=\"widget\" data-e-type=\"widget\" data-widget_type=\"heading.default\">\n\t\t\t\t<div class=\"elementor-widget-container\">\n\t\t\t\t\t<h2 class=\"elementor-heading-title elementor-size-default\">Traitements de Cryolipolyse<\/h2>\t\t\t\t<\/div>\n\t\t\t\t<\/div>\n\t\t\t\t<div class=\"elementor-element elementor-element-73ee143 elementor-widget elementor-widget-gallery\" data-id=\"73ee143\" data-element_type=\"widget\" data-e-type=\"widget\" data-settings=\"{&quot;gallery_layout&quot;:&quot;masonry&quot;,&quot;lazyload&quot;:&quot;yes&quot;,&quot;columns&quot;:4,&quot;columns_tablet&quot;:2,&quot;columns_mobile&quot;:1,&quot;gap&quot;:{&quot;unit&quot;:&quot;px&quot;,&quot;size&quot;:10,&quot;sizes&quot;:[]},&quot;gap_tablet&quot;:{&quot;unit&quot;:&quot;px&quot;,&quot;size&quot;:10,&quot;sizes&quot;:[]},&quot;gap_mobile&quot;:{&quot;unit&quot;:&quot;px&quot;,&quot;size&quot;:10,&quot;sizes&quot;:[]},&quot;link_to&quot;:&quot;file&quot;,&quot;overlay_background&quot;:&quot;yes&quot;,&quot;content_hover_animation&quot;:&quot;fade-in&quot;}\" data-widget_type=\"gallery.default\">\n\t\t\t\t<div class=\"elementor-widget-container\">\n\t\t\t\t\t\t\t<div class=\"elementor-gallery__container\">\n\t\t\t\t\t\t\t<a class=\"e-gallery-item elementor-gallery-item elementor-animated-content\" href=\"https:\/\/lessentielesthetique.ca\/wp-content\/uploads\/2025\/04\/ambiance-chaleureuse-e1743704051850.png\" data-elementor-open-lightbox=\"yes\" data-elementor-lightbox-slideshow=\"73ee143\" data-elementor-lightbox-title=\"ambiance chaleureuse\" data-e-action-hash=\"#elementor-action%3Aaction%3Dlightbox%26settings%3DeyJpZCI6MzI4OSwidXJsIjoiaHR0cHM6XC9cL2xlc3NlbnRpZWxlc3RoZXRpcXVlLmNhXC93cC1jb250ZW50XC91cGxvYWRzXC8yMDI1XC8wNFwvYW1iaWFuY2UtY2hhbGV1cmV1c2UtZTE3NDM3MDQwNTE4NTAucG5nIiwic2xpZGVzaG93IjoiNzNlZTE0MyJ9\">\n\t\t\t\t\t<div class=\"e-gallery-image elementor-gallery-item__image\" data-thumbnail=\"https:\/\/lessentielesthetique.ca\/wp-content\/uploads\/2025\/04\/ambiance-chaleureuse-e1743704051850-200x300.png\" data-width=\"200\" data-height=\"300\" aria-label=\"\" role=\"img\" ><\/div>\n\t\t\t\t\t\t\t\t\t\t\t<div class=\"elementor-gallery-item__overlay\"><\/div>\n\t\t\t\t\t\t\t\t\t\t\t\t\t\t<\/a>\n\t\t\t\t\t\t\t<a class=\"e-gallery-item elementor-gallery-item elementor-animated-content\" href=\"https:\/\/lessentielesthetique.ca\/wp-content\/uploads\/2025\/03\/IMG_2379-scaled.jpg\" data-elementor-open-lightbox=\"yes\" data-elementor-lightbox-slideshow=\"73ee143\" data-elementor-lightbox-title=\"IMG_2379\" data-e-action-hash=\"#elementor-action%3Aaction%3Dlightbox%26settings%3DeyJpZCI6MzI1NywidXJsIjoiaHR0cHM6XC9cL2xlc3NlbnRpZWxlc3RoZXRpcXVlLmNhXC93cC1jb250ZW50XC91cGxvYWRzXC8yMDI1XC8wM1wvSU1HXzIzNzktc2NhbGVkLmpwZyIsInNsaWRlc2hvdyI6IjczZWUxNDMifQ%3D%3D\">\n\t\t\t\t\t<div class=\"e-gallery-image elementor-gallery-item__image\" data-thumbnail=\"https:\/\/lessentielesthetique.ca\/wp-content\/uploads\/2025\/03\/IMG_2379-300x225.jpg\" data-width=\"300\" data-height=\"225\" aria-label=\"\" role=\"img\" ><\/div>\n\t\t\t\t\t\t\t\t\t\t\t<div class=\"elementor-gallery-item__overlay\"><\/div>\n\t\t\t\t\t\t\t\t\t\t\t\t\t\t<\/a>\n\t\t\t\t\t<\/div>\n\t\t\t\t\t<\/div>\n\t\t\t\t<\/div>\n\t\t\t\t\t<\/div>\n\t\t\t\t<\/div>\n\t\t<div class=\"elementor-element elementor-element-f66ea03 e-ecs-flex e-flex e-con-boxed e-con e-parent\" data-id=\"f66ea03\" data-element_type=\"container\" data-e-type=\"container\" data-settings=\"{&quot;ecs_container_type&quot;:&quot;flex&quot;}\">\n\t\t\t\t\t<div class=\"e-con-inner\">\n\t\t\t\t<div class=\"elementor-element elementor-element-30810ab elementor-widget elementor-widget-spacer\" data-id=\"30810ab\" data-element_type=\"widget\" data-e-type=\"widget\" data-widget_type=\"spacer.default\">\n\t\t\t\t<div class=\"elementor-widget-container\">\n\t\t\t\t\t\t\t<div class=\"elementor-spacer\">\n\t\t\t<div class=\"elementor-spacer-inner\"><\/div>\n\t\t<\/div>\n\t\t\t\t\t\t<\/div>\n\t\t\t\t<\/div>\n\t\t\t\t\t<\/div>\n\t\t\t\t<\/div>\n\t\t\t\t<\/div>","protected":false},"excerpt":{"rendered":"<p>Book Your Appointment Promo Cryolipolysis Sculpt Your Body with Cryolipolysis at L&#8217;Essentiel! Finally ditch those stubborn bulges that diet and exercise just can&#8217;t seem to touch! Cryolipolysis treatment is a non-invasive and clinically proven solution to eliminate those pesky fat cells. This revolutionary technology uses controlled cooling to target and freeze fat cells, naturally and [&hellip;]<\/p>\n","protected":false},"author":6,"featured_media":0,"parent":2081,"menu_order":0,"comment_status":"closed","ping_status":"closed","template":"","meta":{"footnotes":""},"class_list":["post-2694","page","type-page","status-publish","hentry"],"_links":{"self":[{"href":"https:\/\/lessentielesthetique.ca\/fr\/wp-json\/wp\/v2\/pages\/2694","targetHints":{"allow":["GET"]}}],"collection":[{"href":"https:\/\/lessentielesthetique.ca\/fr\/wp-json\/wp\/v2\/pages"}],"about":[{"href":"https:\/\/lessentielesthetique.ca\/fr\/wp-json\/wp\/v2\/types\/page"}],"author":[{"embeddable":true,"href":"https:\/\/lessentielesthetique.ca\/fr\/wp-json\/wp\/v2\/users\/6"}],"replies":[{"embeddable":true,"href":"https:\/\/lessentielesthetique.ca\/fr\/wp-json\/wp\/v2\/comments?post=2694"}],"version-history":[{"count":29,"href":"https:\/\/lessentielesthetique.ca\/fr\/wp-json\/wp\/v2\/pages\/2694\/revisions"}],"predecessor-version":[{"id":3407,"href":"https:\/\/lessentielesthetique.ca\/fr\/wp-json\/wp\/v2\/pages\/2694\/revisions\/3407"}],"up":[{"embeddable":true,"href":"https:\/\/lessentielesthetique.ca\/fr\/wp-json\/wp\/v2\/pages\/2081"}],"wp:attachment":[{"href":"https:\/\/lessentielesthetique.ca\/fr\/wp-json\/wp\/v2\/media?parent=2694"}],"curies":[{"name":"wp","href":"https:\/\/api.w.org\/{rel}","templated":true}]}}